{"id":11590,"date":"2025-10-06T07:35:43","date_gmt":"2025-10-06T07:35:43","guid":{"rendered":"https:\/\/www.mardosuido.com\/?post_type=product&#038;p=11590"},"modified":"2026-02-09T09:58:13","modified_gmt":"2026-02-09T09:58:13","slug":"filete-sardina-marruecos","status":"publish","type":"product","link":"https:\/\/www.mardosuido.com\/es\/producto\/filete-sardina-marruecos\/","title":{"rendered":"FILETE SARDINA (MARRUECOS)"},"content":{"rendered":"","protected":false},"excerpt":{"rendered":"<table width=\"405\">\n<tbody>\n<tr>\n<td width=\"405\">AFRICA OCCIDENTAL (ATLANTICO CENTRO-ESTE)<\/td>\n<\/tr>\n<\/tbody>\n<\/table>\n","protected":false},"featured_media":11591,"comment_status":"open","ping_status":"closed","template":"","meta":{"_acf_changed":false},"product_brand":[],"product_cat":[43,48],"product_tag":[],"nombre_cientifico":[969],"zona_de_captura":[914,915],"class_list":{"0":"post-11590","1":"product","2":"type-product","3":"status-publish","4":"has-post-thumbnail","6":"product_cat-elaborados","7":"product_cat-pescado","8":"nombre_cientifico-sardina-pilchardus","9":"zona_de_captura-fao-34","10":"zona_de_captura-fao-47","11":"nt-post-class","12":"","21":"first","22":"instock","23":"shipping-taxable","24":"purchasable","25":"product-type-simple"},"acf":[],"yoast_head":"<!-- This site is optimized with the Yoast SEO plugin v26.9 - https:\/\/yoast.com\/product\/yoast-seo-wordpress\/ -->\n<title>FILETE SARDINA (MARRUECOS) Congelado - Comprar | Mar do Su\u00eddo<\/title>\n<meta name=\"description\" content=\"Compra FILETE SARDINA (MARRUECOS) congelado de m\u00e1xima calidad. AFRICA OCCIDENTAL (ATLANTICO CENTRO-ESTE) | Mar do Su\u00eddo\" \/>\n<meta name=\"robots\" content=\"index, follow, max-snippet:-1, max-image-preview:large, max-video-preview:-1\" \/>\n<link rel=\"canonical\" href=\"https:\/\/www.mardosuido.com\/es\/producto\/filete-sardina-marruecos\/\" \/>\n<meta property=\"og:locale\" content=\"es_ES\" \/>\n<meta property=\"og:type\" content=\"article\" \/>\n<meta property=\"og:title\" content=\"FILETE SARDINA (MARRUECOS) Congelado - Comprar | Mar do Su\u00eddo\" \/>\n<meta property=\"og:description\" content=\"Compra FILETE SARDINA (MARRUECOS) congelado de m\u00e1xima calidad. AFRICA OCCIDENTAL (ATLANTICO CENTRO-ESTE) | Mar do Su\u00eddo\" \/>\n<meta property=\"og:url\" content=\"https:\/\/www.mardosuido.com\/es\/producto\/filete-sardina-marruecos\/\" \/>\n<meta property=\"og:site_name\" content=\"Mar do Su\u00eddo\" \/>\n<meta property=\"article:publisher\" content=\"https:\/\/www.facebook.com\/MardosuidoFrozenFish\" \/>\n<meta property=\"article:modified_time\" content=\"2026-02-09T09:58:13+00:00\" \/>\n<meta property=\"og:image\" content=\"https:\/\/www.mardosuido.com\/wp-content\/uploads\/2025\/10\/sardina-pilchardus.webp\" \/>\n\t<meta property=\"og:image:width\" content=\"800\" \/>\n\t<meta property=\"og:image:height\" content=\"800\" \/>\n\t<meta property=\"og:image:type\" content=\"image\/webp\" \/>\n<meta name=\"twitter:card\" content=\"summary_large_image\" \/>\n<meta name=\"twitter:site\" content=\"@mardosuido\" \/>\n<meta name=\"twitter:label1\" content=\"Tiempo de lectura\" \/>\n\t<meta name=\"twitter:data1\" content=\"1 minuto\" \/>\n<script type=\"application\/ld+json\" class=\"yoast-schema-graph\">{\"@context\":\"https:\/\/schema.org\",\"@graph\":[{\"@type\":\"WebPage\",\"@id\":\"https:\/\/www.mardosuido.com\/es\/producto\/filete-sardina-marruecos\/\",\"url\":\"https:\/\/www.mardosuido.com\/es\/producto\/filete-sardina-marruecos\/\",\"name\":\"FILETE SARDINA (MARRUECOS) Congelado - Comprar | Mar do Su\u00eddo\",\"isPartOf\":{\"@id\":\"https:\/\/www.mardosuido.com\/es\/#website\"},\"primaryImageOfPage\":{\"@id\":\"https:\/\/www.mardosuido.com\/es\/producto\/filete-sardina-marruecos\/#primaryimage\"},\"image\":{\"@id\":\"https:\/\/www.mardosuido.com\/es\/producto\/filete-sardina-marruecos\/#primaryimage\"},\"thumbnailUrl\":\"https:\/\/www.mardosuido.com\/wp-content\/uploads\/2025\/10\/sardina-pilchardus.webp\",\"datePublished\":\"2025-10-06T07:35:43+00:00\",\"dateModified\":\"2026-02-09T09:58:13+00:00\",\"description\":\"Compra FILETE SARDINA (MARRUECOS) congelado de m\u00e1xima calidad. AFRICA OCCIDENTAL (ATLANTICO CENTRO-ESTE) | Mar do Su\u00eddo\",\"breadcrumb\":{\"@id\":\"https:\/\/www.mardosuido.com\/es\/producto\/filete-sardina-marruecos\/#breadcrumb\"},\"inLanguage\":\"es\",\"potentialAction\":[{\"@type\":\"ReadAction\",\"target\":[\"https:\/\/www.mardosuido.com\/es\/producto\/filete-sardina-marruecos\/\"]}]},{\"@type\":\"ImageObject\",\"inLanguage\":\"es\",\"@id\":\"https:\/\/www.mardosuido.com\/es\/producto\/filete-sardina-marruecos\/#primaryimage\",\"url\":\"https:\/\/www.mardosuido.com\/wp-content\/uploads\/2025\/10\/sardina-pilchardus.webp\",\"contentUrl\":\"https:\/\/www.mardosuido.com\/wp-content\/uploads\/2025\/10\/sardina-pilchardus.webp\",\"width\":800,\"height\":800,\"caption\":\"FILETE SARDINA (Marruecos)\"},{\"@type\":\"BreadcrumbList\",\"@id\":\"https:\/\/www.mardosuido.com\/es\/producto\/filete-sardina-marruecos\/#breadcrumb\",\"itemListElement\":[{\"@type\":\"ListItem\",\"position\":1,\"name\":\"Portada\",\"item\":\"https:\/\/www.mardosuido.com\/es\/\"},{\"@type\":\"ListItem\",\"position\":2,\"name\":\"Tienda\",\"item\":\"https:\/\/www.mardosuido.com\/es\/tienda\/\"},{\"@type\":\"ListItem\",\"position\":3,\"name\":\"FILETE SARDINA (MARRUECOS)\"}]},{\"@type\":\"WebSite\",\"@id\":\"https:\/\/www.mardosuido.com\/es\/#website\",\"url\":\"https:\/\/www.mardosuido.com\/es\/\",\"name\":\"Mar do Su\u00eddo\",\"description\":\"Marisco y pescado congelado\",\"publisher\":{\"@id\":\"https:\/\/www.mardosuido.com\/es\/#organization\"},\"alternateName\":\"Mar do Su\u00eddo\",\"potentialAction\":[{\"@type\":\"SearchAction\",\"target\":{\"@type\":\"EntryPoint\",\"urlTemplate\":\"https:\/\/www.mardosuido.com\/es\/?s={search_term_string}\"},\"query-input\":{\"@type\":\"PropertyValueSpecification\",\"valueRequired\":true,\"valueName\":\"search_term_string\"}}],\"inLanguage\":\"es\"},{\"@type\":\"Organization\",\"@id\":\"https:\/\/www.mardosuido.com\/es\/#organization\",\"name\":\"Mar do Su\u00eddo SLU\",\"alternateName\":\"Mar do Su\u00eddo SLU\",\"url\":\"https:\/\/www.mardosuido.com\/es\/\",\"logo\":{\"@type\":\"ImageObject\",\"inLanguage\":\"es\",\"@id\":\"https:\/\/www.mardosuido.com\/es\/#\/schema\/logo\/image\/\",\"url\":\"https:\/\/www.mardosuido.com\/wp-content\/uploads\/2025\/08\/cropped-icono-mar-suido-naranja.png\",\"contentUrl\":\"https:\/\/www.mardosuido.com\/wp-content\/uploads\/2025\/08\/cropped-icono-mar-suido-naranja.png\",\"width\":512,\"height\":512,\"caption\":\"Mar do Su\u00eddo SLU\"},\"image\":{\"@id\":\"https:\/\/www.mardosuido.com\/es\/#\/schema\/logo\/image\/\"},\"sameAs\":[\"https:\/\/www.facebook.com\/MardosuidoFrozenFish\",\"https:\/\/x.com\/mardosuido\",\"https:\/\/www.instagram.com\/mardosuidofish\/\"]}]}<\/script>\n<!-- \/ Yoast SEO plugin. -->","yoast_head_json":{"title":"FILETE SARDINA (MARRUECOS) Congelado - Comprar | Mar do Su\u00eddo","description":"Compra FILETE SARDINA (MARRUECOS) congelado de m\u00e1xima calidad. AFRICA OCCIDENTAL (ATLANTICO CENTRO-ESTE) | Mar do Su\u00eddo","robots":{"index":"index","follow":"follow","max-snippet":"max-snippet:-1","max-image-preview":"max-image-preview:large","max-video-preview":"max-video-preview:-1"},"canonical":"https:\/\/www.mardosuido.com\/es\/producto\/filete-sardina-marruecos\/","og_locale":"es_ES","og_type":"article","og_title":"FILETE SARDINA (MARRUECOS) Congelado - Comprar | Mar do Su\u00eddo","og_description":"Compra FILETE SARDINA (MARRUECOS) congelado de m\u00e1xima calidad. AFRICA OCCIDENTAL (ATLANTICO CENTRO-ESTE) | Mar do Su\u00eddo","og_url":"https:\/\/www.mardosuido.com\/es\/producto\/filete-sardina-marruecos\/","og_site_name":"Mar do Su\u00eddo","article_publisher":"https:\/\/www.facebook.com\/MardosuidoFrozenFish","article_modified_time":"2026-02-09T09:58:13+00:00","og_image":[{"width":800,"height":800,"url":"https:\/\/www.mardosuido.com\/wp-content\/uploads\/2025\/10\/sardina-pilchardus.webp","type":"image\/webp"}],"twitter_card":"summary_large_image","twitter_site":"@mardosuido","twitter_misc":{"Tiempo de lectura":"1 minuto"},"schema":{"@context":"https:\/\/schema.org","@graph":[{"@type":"WebPage","@id":"https:\/\/www.mardosuido.com\/es\/producto\/filete-sardina-marruecos\/","url":"https:\/\/www.mardosuido.com\/es\/producto\/filete-sardina-marruecos\/","name":"FILETE SARDINA (MARRUECOS) Congelado - Comprar | Mar do Su\u00eddo","isPartOf":{"@id":"https:\/\/www.mardosuido.com\/es\/#website"},"primaryImageOfPage":{"@id":"https:\/\/www.mardosuido.com\/es\/producto\/filete-sardina-marruecos\/#primaryimage"},"image":{"@id":"https:\/\/www.mardosuido.com\/es\/producto\/filete-sardina-marruecos\/#primaryimage"},"thumbnailUrl":"https:\/\/www.mardosuido.com\/wp-content\/uploads\/2025\/10\/sardina-pilchardus.webp","datePublished":"2025-10-06T07:35:43+00:00","dateModified":"2026-02-09T09:58:13+00:00","description":"Compra FILETE SARDINA (MARRUECOS) congelado de m\u00e1xima calidad. AFRICA OCCIDENTAL (ATLANTICO CENTRO-ESTE) | Mar do Su\u00eddo","breadcrumb":{"@id":"https:\/\/www.mardosuido.com\/es\/producto\/filete-sardina-marruecos\/#breadcrumb"},"inLanguage":"es","potentialAction":[{"@type":"ReadAction","target":["https:\/\/www.mardosuido.com\/es\/producto\/filete-sardina-marruecos\/"]}]},{"@type":"ImageObject","inLanguage":"es","@id":"https:\/\/www.mardosuido.com\/es\/producto\/filete-sardina-marruecos\/#primaryimage","url":"https:\/\/www.mardosuido.com\/wp-content\/uploads\/2025\/10\/sardina-pilchardus.webp","contentUrl":"https:\/\/www.mardosuido.com\/wp-content\/uploads\/2025\/10\/sardina-pilchardus.webp","width":800,"height":800,"caption":"FILETE SARDINA (Marruecos)"},{"@type":"BreadcrumbList","@id":"https:\/\/www.mardosuido.com\/es\/producto\/filete-sardina-marruecos\/#breadcrumb","itemListElement":[{"@type":"ListItem","position":1,"name":"Portada","item":"https:\/\/www.mardosuido.com\/es\/"},{"@type":"ListItem","position":2,"name":"Tienda","item":"https:\/\/www.mardosuido.com\/es\/tienda\/"},{"@type":"ListItem","position":3,"name":"FILETE SARDINA (MARRUECOS)"}]},{"@type":"WebSite","@id":"https:\/\/www.mardosuido.com\/es\/#website","url":"https:\/\/www.mardosuido.com\/es\/","name":"Mar do Su\u00eddo","description":"Marisco y pescado congelado","publisher":{"@id":"https:\/\/www.mardosuido.com\/es\/#organization"},"alternateName":"Mar do Su\u00eddo","potentialAction":[{"@type":"SearchAction","target":{"@type":"EntryPoint","urlTemplate":"https:\/\/www.mardosuido.com\/es\/?s={search_term_string}"},"query-input":{"@type":"PropertyValueSpecification","valueRequired":true,"valueName":"search_term_string"}}],"inLanguage":"es"},{"@type":"Organization","@id":"https:\/\/www.mardosuido.com\/es\/#organization","name":"Mar do Su\u00eddo SLU","alternateName":"Mar do Su\u00eddo SLU","url":"https:\/\/www.mardosuido.com\/es\/","logo":{"@type":"ImageObject","inLanguage":"es","@id":"https:\/\/www.mardosuido.com\/es\/#\/schema\/logo\/image\/","url":"https:\/\/www.mardosuido.com\/wp-content\/uploads\/2025\/08\/cropped-icono-mar-suido-naranja.png","contentUrl":"https:\/\/www.mardosuido.com\/wp-content\/uploads\/2025\/08\/cropped-icono-mar-suido-naranja.png","width":512,"height":512,"caption":"Mar do Su\u00eddo SLU"},"image":{"@id":"https:\/\/www.mardosuido.com\/es\/#\/schema\/logo\/image\/"},"sameAs":["https:\/\/www.facebook.com\/MardosuidoFrozenFish","https:\/\/x.com\/mardosuido","https:\/\/www.instagram.com\/mardosuidofish\/"]}]}},"_links":{"self":[{"href":"https:\/\/www.mardosuido.com\/es\/wp-json\/wp\/v2\/product\/11590","targetHints":{"allow":["GET"]}}],"collection":[{"href":"https:\/\/www.mardosuido.com\/es\/wp-json\/wp\/v2\/product"}],"about":[{"href":"https:\/\/www.mardosuido.com\/es\/wp-json\/wp\/v2\/types\/product"}],"replies":[{"embeddable":true,"href":"https:\/\/www.mardosuido.com\/es\/wp-json\/wp\/v2\/comments?post=11590"}],"version-history":[{"count":0,"href":"https:\/\/www.mardosuido.com\/es\/wp-json\/wp\/v2\/product\/11590\/revisions"}],"wp:featuredmedia":[{"embeddable":true,"href":"https:\/\/www.mardosuido.com\/es\/wp-json\/wp\/v2\/media\/11591"}],"wp:attachment":[{"href":"https:\/\/www.mardosuido.com\/es\/wp-json\/wp\/v2\/media?parent=11590"}],"wp:term":[{"taxonomy":"product_brand","embeddable":true,"href":"https:\/\/www.mardosuido.com\/es\/wp-json\/wp\/v2\/product_brand?post=11590"},{"taxonomy":"product_cat","embeddable":true,"href":"https:\/\/www.mardosuido.com\/es\/wp-json\/wp\/v2\/product_cat?post=11590"},{"taxonomy":"product_tag","embeddable":true,"href":"https:\/\/www.mardosuido.com\/es\/wp-json\/wp\/v2\/product_tag?post=11590"},{"taxonomy":"nombre_cientifico","embeddable":true,"href":"https:\/\/www.mardosuido.com\/es\/wp-json\/wp\/v2\/nombre_cientifico?post=11590"},{"taxonomy":"zona_de_captura","embeddable":true,"href":"https:\/\/www.mardosuido.com\/es\/wp-json\/wp\/v2\/zona_de_captura?post=11590"}],"curies":[{"name":"wp","href":"https:\/\/api.w.org\/{rel}","templated":true}]}}