{"id":11744,"date":"2025-10-06T11:27:17","date_gmt":"2025-10-06T11:27:17","guid":{"rendered":"https:\/\/www.mardosuido.com\/?post_type=product&#038;p=11744"},"modified":"2025-10-06T11:37:46","modified_gmt":"2025-10-06T11:37:46","slug":"nototenia","status":"publish","type":"product","link":"https:\/\/www.mardosuido.com\/es\/producto\/nototenia\/","title":{"rendered":"NOTOTENIA"},"content":{"rendered":"","protected":false},"excerpt":{"rendered":"<p>MALVINAS (Oc\u00e9ano Atl\u00e1ntico Sur-Oeste)<\/p>\n","protected":false},"featured_media":11751,"comment_status":"open","ping_status":"closed","template":"","meta":{"_acf_changed":false},"product_brand":[],"product_cat":[48],"product_tag":[1011,1012,1013],"nombre_cientifico":[1010],"zona_de_captura":[916],"class_list":{"0":"post-11744","1":"product","2":"type-product","3":"status-publish","4":"has-post-thumbnail","6":"product_cat-pescado","7":"product_tag-nototenia","8":"product_tag-notothenia","9":"product_tag-patagonothen-ramsayi","10":"nombre_cientifico-patagonotothen-ramsayi","11":"zona_de_captura-fao-41","12":"nt-post-class","13":"","22":"first","23":"instock","24":"shipping-taxable","25":"purchasable","26":"product-type-simple"},"acf":[],"yoast_head":"<!-- This site is optimized with the Yoast SEO plugin v26.9 - https:\/\/yoast.com\/product\/yoast-seo-wordpress\/ -->\n<title>NOTOTENIA Congelado - Comprar | Mar do Su\u00eddo<\/title>\n<meta name=\"description\" content=\"Compra NOTOTENIA congelado de m\u00e1xima calidad. MALVINAS (Oc\u00e9ano Atl\u00e1ntico Sur-Oeste) | Mar do Su\u00eddo\" \/>\n<meta name=\"robots\" content=\"index, follow, max-snippet:-1, max-image-preview:large, max-video-preview:-1\" \/>\n<link rel=\"canonical\" href=\"https:\/\/www.mardosuido.com\/es\/producto\/nototenia\/\" \/>\n<meta property=\"og:locale\" content=\"es_ES\" \/>\n<meta property=\"og:type\" content=\"article\" \/>\n<meta property=\"og:title\" content=\"NOTOTENIA Congelado - Comprar | Mar do Su\u00eddo\" \/>\n<meta property=\"og:description\" content=\"Compra NOTOTENIA congelado de m\u00e1xima calidad. MALVINAS (Oc\u00e9ano Atl\u00e1ntico Sur-Oeste) | Mar do Su\u00eddo\" \/>\n<meta property=\"og:url\" content=\"https:\/\/www.mardosuido.com\/es\/producto\/nototenia\/\" \/>\n<meta property=\"og:site_name\" content=\"Mar do Su\u00eddo\" \/>\n<meta property=\"article:publisher\" content=\"https:\/\/www.facebook.com\/MardosuidoFrozenFish\" \/>\n<meta property=\"article:modified_time\" content=\"2025-10-06T11:37:46+00:00\" \/>\n<meta property=\"og:image\" content=\"https:\/\/www.mardosuido.com\/wp-content\/uploads\/2025\/10\/patagonotothen-ramsayi.webp\" \/>\n\t<meta property=\"og:image:width\" content=\"800\" \/>\n\t<meta property=\"og:image:height\" content=\"800\" \/>\n\t<meta property=\"og:image:type\" content=\"image\/webp\" \/>\n<meta name=\"twitter:card\" content=\"summary_large_image\" \/>\n<meta name=\"twitter:site\" content=\"@mardosuido\" \/>\n<script type=\"application\/ld+json\" class=\"yoast-schema-graph\">{\"@context\":\"https:\/\/schema.org\",\"@graph\":[{\"@type\":\"WebPage\",\"@id\":\"https:\/\/www.mardosuido.com\/es\/producto\/nototenia\/\",\"url\":\"https:\/\/www.mardosuido.com\/es\/producto\/nototenia\/\",\"name\":\"NOTOTENIA Congelado - Comprar | Mar do Su\u00eddo\",\"isPartOf\":{\"@id\":\"https:\/\/www.mardosuido.com\/es\/#website\"},\"primaryImageOfPage\":{\"@id\":\"https:\/\/www.mardosuido.com\/es\/producto\/nototenia\/#primaryimage\"},\"image\":{\"@id\":\"https:\/\/www.mardosuido.com\/es\/producto\/nototenia\/#primaryimage\"},\"thumbnailUrl\":\"https:\/\/www.mardosuido.com\/wp-content\/uploads\/2025\/10\/patagonotothen-ramsayi.webp\",\"datePublished\":\"2025-10-06T11:27:17+00:00\",\"dateModified\":\"2025-10-06T11:37:46+00:00\",\"description\":\"Compra NOTOTENIA congelado de m\u00e1xima calidad. MALVINAS (Oc\u00e9ano Atl\u00e1ntico Sur-Oeste) | Mar do Su\u00eddo\",\"breadcrumb\":{\"@id\":\"https:\/\/www.mardosuido.com\/es\/producto\/nototenia\/#breadcrumb\"},\"inLanguage\":\"es\",\"potentialAction\":[{\"@type\":\"ReadAction\",\"target\":[\"https:\/\/www.mardosuido.com\/es\/producto\/nototenia\/\"]}]},{\"@type\":\"ImageObject\",\"inLanguage\":\"es\",\"@id\":\"https:\/\/www.mardosuido.com\/es\/producto\/nototenia\/#primaryimage\",\"url\":\"https:\/\/www.mardosuido.com\/wp-content\/uploads\/2025\/10\/patagonotothen-ramsayi.webp\",\"contentUrl\":\"https:\/\/www.mardosuido.com\/wp-content\/uploads\/2025\/10\/patagonotothen-ramsayi.webp\",\"width\":800,\"height\":800,\"caption\":\"NOTOTENIA\"},{\"@type\":\"BreadcrumbList\",\"@id\":\"https:\/\/www.mardosuido.com\/es\/producto\/nototenia\/#breadcrumb\",\"itemListElement\":[{\"@type\":\"ListItem\",\"position\":1,\"name\":\"Portada\",\"item\":\"https:\/\/www.mardosuido.com\/es\/\"},{\"@type\":\"ListItem\",\"position\":2,\"name\":\"Tienda\",\"item\":\"https:\/\/www.mardosuido.com\/es\/tienda\/\"},{\"@type\":\"ListItem\",\"position\":3,\"name\":\"NOTOTENIA\"}]},{\"@type\":\"WebSite\",\"@id\":\"https:\/\/www.mardosuido.com\/es\/#website\",\"url\":\"https:\/\/www.mardosuido.com\/es\/\",\"name\":\"Mar do Su\u00eddo\",\"description\":\"Marisco y pescado congelado\",\"publisher\":{\"@id\":\"https:\/\/www.mardosuido.com\/es\/#organization\"},\"alternateName\":\"Mar do Su\u00eddo\",\"potentialAction\":[{\"@type\":\"SearchAction\",\"target\":{\"@type\":\"EntryPoint\",\"urlTemplate\":\"https:\/\/www.mardosuido.com\/es\/?s={search_term_string}\"},\"query-input\":{\"@type\":\"PropertyValueSpecification\",\"valueRequired\":true,\"valueName\":\"search_term_string\"}}],\"inLanguage\":\"es\"},{\"@type\":\"Organization\",\"@id\":\"https:\/\/www.mardosuido.com\/es\/#organization\",\"name\":\"Mar do Su\u00eddo SLU\",\"alternateName\":\"Mar do Su\u00eddo SLU\",\"url\":\"https:\/\/www.mardosuido.com\/es\/\",\"logo\":{\"@type\":\"ImageObject\",\"inLanguage\":\"es\",\"@id\":\"https:\/\/www.mardosuido.com\/es\/#\/schema\/logo\/image\/\",\"url\":\"https:\/\/www.mardosuido.com\/wp-content\/uploads\/2025\/08\/cropped-icono-mar-suido-naranja.png\",\"contentUrl\":\"https:\/\/www.mardosuido.com\/wp-content\/uploads\/2025\/08\/cropped-icono-mar-suido-naranja.png\",\"width\":512,\"height\":512,\"caption\":\"Mar do Su\u00eddo SLU\"},\"image\":{\"@id\":\"https:\/\/www.mardosuido.com\/es\/#\/schema\/logo\/image\/\"},\"sameAs\":[\"https:\/\/www.facebook.com\/MardosuidoFrozenFish\",\"https:\/\/x.com\/mardosuido\",\"https:\/\/www.instagram.com\/mardosuidofish\/\"]}]}<\/script>\n<!-- \/ Yoast SEO plugin. -->","yoast_head_json":{"title":"NOTOTENIA Congelado - Comprar | Mar do Su\u00eddo","description":"Compra NOTOTENIA congelado de m\u00e1xima calidad. MALVINAS (Oc\u00e9ano Atl\u00e1ntico Sur-Oeste) | Mar do Su\u00eddo","robots":{"index":"index","follow":"follow","max-snippet":"max-snippet:-1","max-image-preview":"max-image-preview:large","max-video-preview":"max-video-preview:-1"},"canonical":"https:\/\/www.mardosuido.com\/es\/producto\/nototenia\/","og_locale":"es_ES","og_type":"article","og_title":"NOTOTENIA Congelado - Comprar | Mar do Su\u00eddo","og_description":"Compra NOTOTENIA congelado de m\u00e1xima calidad. MALVINAS (Oc\u00e9ano Atl\u00e1ntico Sur-Oeste) | Mar do Su\u00eddo","og_url":"https:\/\/www.mardosuido.com\/es\/producto\/nototenia\/","og_site_name":"Mar do Su\u00eddo","article_publisher":"https:\/\/www.facebook.com\/MardosuidoFrozenFish","article_modified_time":"2025-10-06T11:37:46+00:00","og_image":[{"width":800,"height":800,"url":"https:\/\/www.mardosuido.com\/wp-content\/uploads\/2025\/10\/patagonotothen-ramsayi.webp","type":"image\/webp"}],"twitter_card":"summary_large_image","twitter_site":"@mardosuido","schema":{"@context":"https:\/\/schema.org","@graph":[{"@type":"WebPage","@id":"https:\/\/www.mardosuido.com\/es\/producto\/nototenia\/","url":"https:\/\/www.mardosuido.com\/es\/producto\/nototenia\/","name":"NOTOTENIA Congelado - Comprar | Mar do Su\u00eddo","isPartOf":{"@id":"https:\/\/www.mardosuido.com\/es\/#website"},"primaryImageOfPage":{"@id":"https:\/\/www.mardosuido.com\/es\/producto\/nototenia\/#primaryimage"},"image":{"@id":"https:\/\/www.mardosuido.com\/es\/producto\/nototenia\/#primaryimage"},"thumbnailUrl":"https:\/\/www.mardosuido.com\/wp-content\/uploads\/2025\/10\/patagonotothen-ramsayi.webp","datePublished":"2025-10-06T11:27:17+00:00","dateModified":"2025-10-06T11:37:46+00:00","description":"Compra NOTOTENIA congelado de m\u00e1xima calidad. MALVINAS (Oc\u00e9ano Atl\u00e1ntico Sur-Oeste) | Mar do Su\u00eddo","breadcrumb":{"@id":"https:\/\/www.mardosuido.com\/es\/producto\/nototenia\/#breadcrumb"},"inLanguage":"es","potentialAction":[{"@type":"ReadAction","target":["https:\/\/www.mardosuido.com\/es\/producto\/nototenia\/"]}]},{"@type":"ImageObject","inLanguage":"es","@id":"https:\/\/www.mardosuido.com\/es\/producto\/nototenia\/#primaryimage","url":"https:\/\/www.mardosuido.com\/wp-content\/uploads\/2025\/10\/patagonotothen-ramsayi.webp","contentUrl":"https:\/\/www.mardosuido.com\/wp-content\/uploads\/2025\/10\/patagonotothen-ramsayi.webp","width":800,"height":800,"caption":"NOTOTENIA"},{"@type":"BreadcrumbList","@id":"https:\/\/www.mardosuido.com\/es\/producto\/nototenia\/#breadcrumb","itemListElement":[{"@type":"ListItem","position":1,"name":"Portada","item":"https:\/\/www.mardosuido.com\/es\/"},{"@type":"ListItem","position":2,"name":"Tienda","item":"https:\/\/www.mardosuido.com\/es\/tienda\/"},{"@type":"ListItem","position":3,"name":"NOTOTENIA"}]},{"@type":"WebSite","@id":"https:\/\/www.mardosuido.com\/es\/#website","url":"https:\/\/www.mardosuido.com\/es\/","name":"Mar do Su\u00eddo","description":"Marisco y pescado congelado","publisher":{"@id":"https:\/\/www.mardosuido.com\/es\/#organization"},"alternateName":"Mar do Su\u00eddo","potentialAction":[{"@type":"SearchAction","target":{"@type":"EntryPoint","urlTemplate":"https:\/\/www.mardosuido.com\/es\/?s={search_term_string}"},"query-input":{"@type":"PropertyValueSpecification","valueRequired":true,"valueName":"search_term_string"}}],"inLanguage":"es"},{"@type":"Organization","@id":"https:\/\/www.mardosuido.com\/es\/#organization","name":"Mar do Su\u00eddo SLU","alternateName":"Mar do Su\u00eddo SLU","url":"https:\/\/www.mardosuido.com\/es\/","logo":{"@type":"ImageObject","inLanguage":"es","@id":"https:\/\/www.mardosuido.com\/es\/#\/schema\/logo\/image\/","url":"https:\/\/www.mardosuido.com\/wp-content\/uploads\/2025\/08\/cropped-icono-mar-suido-naranja.png","contentUrl":"https:\/\/www.mardosuido.com\/wp-content\/uploads\/2025\/08\/cropped-icono-mar-suido-naranja.png","width":512,"height":512,"caption":"Mar do Su\u00eddo SLU"},"image":{"@id":"https:\/\/www.mardosuido.com\/es\/#\/schema\/logo\/image\/"},"sameAs":["https:\/\/www.facebook.com\/MardosuidoFrozenFish","https:\/\/x.com\/mardosuido","https:\/\/www.instagram.com\/mardosuidofish\/"]}]}},"_links":{"self":[{"href":"https:\/\/www.mardosuido.com\/es\/wp-json\/wp\/v2\/product\/11744","targetHints":{"allow":["GET"]}}],"collection":[{"href":"https:\/\/www.mardosuido.com\/es\/wp-json\/wp\/v2\/product"}],"about":[{"href":"https:\/\/www.mardosuido.com\/es\/wp-json\/wp\/v2\/types\/product"}],"replies":[{"embeddable":true,"href":"https:\/\/www.mardosuido.com\/es\/wp-json\/wp\/v2\/comments?post=11744"}],"version-history":[{"count":0,"href":"https:\/\/www.mardosuido.com\/es\/wp-json\/wp\/v2\/product\/11744\/revisions"}],"wp:featuredmedia":[{"embeddable":true,"href":"https:\/\/www.mardosuido.com\/es\/wp-json\/wp\/v2\/media\/11751"}],"wp:attachment":[{"href":"https:\/\/www.mardosuido.com\/es\/wp-json\/wp\/v2\/media?parent=11744"}],"wp:term":[{"taxonomy":"product_brand","embeddable":true,"href":"https:\/\/www.mardosuido.com\/es\/wp-json\/wp\/v2\/product_brand?post=11744"},{"taxonomy":"product_cat","embeddable":true,"href":"https:\/\/www.mardosuido.com\/es\/wp-json\/wp\/v2\/product_cat?post=11744"},{"taxonomy":"product_tag","embeddable":true,"href":"https:\/\/www.mardosuido.com\/es\/wp-json\/wp\/v2\/product_tag?post=11744"},{"taxonomy":"nombre_cientifico","embeddable":true,"href":"https:\/\/www.mardosuido.com\/es\/wp-json\/wp\/v2\/nombre_cientifico?post=11744"},{"taxonomy":"zona_de_captura","embeddable":true,"href":"https:\/\/www.mardosuido.com\/es\/wp-json\/wp\/v2\/zona_de_captura?post=11744"}],"curies":[{"name":"wp","href":"https:\/\/api.w.org\/{rel}","templated":true}]}}