{"id":13676,"date":"2025-10-06T08:46:07","date_gmt":"2025-10-06T08:46:07","guid":{"rendered":"https:\/\/www.mardosuido.com\/product\/semelle-europeenne\/"},"modified":"2026-02-09T09:31:59","modified_gmt":"2026-02-09T09:31:59","slug":"sole-commune","status":"publish","type":"product","link":"https:\/\/www.mardosuido.com\/fr\/produit\/sole-commune\/","title":{"rendered":"SOLE COMMUNE"},"content":{"rendered":"","protected":false},"excerpt":{"rendered":"<p>GRAND SOLEIL \/ ATLANTIQUE NORD-EST<\/p>\n","protected":false},"featured_media":11648,"comment_status":"open","ping_status":"closed","template":"","meta":{"_acf_changed":false},"product_brand":[],"product_cat":[1078],"product_tag":[1323,1324],"nombre_cientifico":[1322],"zona_de_captura":[1082],"class_list":{"0":"post-13676","1":"product","2":"type-product","3":"status-publish","4":"has-post-thumbnail","6":"product_cat-poisson","7":"product_tag-semelle","8":"product_tag-soleil","9":"nombre_cientifico-solea-solea-fr","10":"zona_de_captura-fao-27-fr","11":"nt-post-class","12":"","21":"first","22":"instock","23":"shipping-taxable","24":"purchasable","25":"product-type-simple"},"acf":[],"yoast_head":"<!-- This site is optimized with the Yoast SEO plugin v26.9 - https:\/\/yoast.com\/product\/yoast-seo-wordpress\/ -->\n<title>SOLE COMMUNE Surgel\u00e9 - Acheter | Mar do Su\u00eddo<\/title>\n<meta name=\"description\" content=\"Achetez du SOLE COMMUNE surgel\u00e9 de qualit\u00e9 sup\u00e9rieure. GRAND SOLEIL \/ ATLANTIQUE NORD-EST | Mar do Su\u00eddo\" \/>\n<meta name=\"robots\" content=\"index, follow, max-snippet:-1, max-image-preview:large, max-video-preview:-1\" \/>\n<link rel=\"canonical\" href=\"https:\/\/www.mardosuido.com\/fr\/produit\/sole-commune\/\" \/>\n<meta property=\"og:locale\" content=\"fr_FR\" \/>\n<meta property=\"og:type\" content=\"article\" \/>\n<meta property=\"og:title\" content=\"SOLE COMMUNE Surgel\u00e9 - Acheter | Mar do Su\u00eddo\" \/>\n<meta property=\"og:description\" content=\"Achetez du SOLE COMMUNE surgel\u00e9 de qualit\u00e9 sup\u00e9rieure. GRAND SOLEIL \/ ATLANTIQUE NORD-EST | Mar do Su\u00eddo\" \/>\n<meta property=\"og:url\" content=\"https:\/\/www.mardosuido.com\/fr\/produit\/sole-commune\/\" \/>\n<meta property=\"og:site_name\" content=\"Mar do Su\u00eddo\" \/>\n<meta property=\"article:publisher\" content=\"https:\/\/www.facebook.com\/MardosuidoFrozenFish\" \/>\n<meta property=\"article:modified_time\" content=\"2026-02-09T09:31:59+00:00\" \/>\n<meta property=\"og:image\" content=\"https:\/\/www.mardosuido.com\/wp-content\/uploads\/2025\/10\/solea-solea.webp\" \/>\n\t<meta property=\"og:image:width\" content=\"800\" \/>\n\t<meta property=\"og:image:height\" content=\"800\" \/>\n\t<meta property=\"og:image:type\" content=\"image\/webp\" \/>\n<meta name=\"twitter:card\" content=\"summary_large_image\" \/>\n<meta name=\"twitter:site\" content=\"@mardosuido\" \/>\n<meta name=\"twitter:label1\" content=\"Dur\u00e9e de lecture estim\u00e9e\" \/>\n\t<meta name=\"twitter:data1\" content=\"1 minute\" \/>\n<script type=\"application\/ld+json\" class=\"yoast-schema-graph\">{\"@context\":\"https:\/\/schema.org\",\"@graph\":[{\"@type\":\"WebPage\",\"@id\":\"https:\/\/www.mardosuido.com\/fr\/produit\/sole-commune\/\",\"url\":\"https:\/\/www.mardosuido.com\/fr\/produit\/sole-commune\/\",\"name\":\"SOLE COMMUNE Surgel\u00e9 - Acheter | Mar do Su\u00eddo\",\"isPartOf\":{\"@id\":\"https:\/\/www.mardosuido.com\/fr\/#website\"},\"primaryImageOfPage\":{\"@id\":\"https:\/\/www.mardosuido.com\/fr\/produit\/sole-commune\/#primaryimage\"},\"image\":{\"@id\":\"https:\/\/www.mardosuido.com\/fr\/produit\/sole-commune\/#primaryimage\"},\"thumbnailUrl\":\"https:\/\/www.mardosuido.com\/wp-content\/uploads\/2025\/10\/solea-solea.webp\",\"datePublished\":\"2025-10-06T08:46:07+00:00\",\"dateModified\":\"2026-02-09T09:31:59+00:00\",\"description\":\"Achetez du SOLE COMMUNE surgel\u00e9 de qualit\u00e9 sup\u00e9rieure. GRAND SOLEIL \/ ATLANTIQUE NORD-EST | Mar do Su\u00eddo\",\"breadcrumb\":{\"@id\":\"https:\/\/www.mardosuido.com\/fr\/produit\/sole-commune\/#breadcrumb\"},\"inLanguage\":\"fr-FR\",\"potentialAction\":[{\"@type\":\"ReadAction\",\"target\":[\"https:\/\/www.mardosuido.com\/fr\/produit\/sole-commune\/\"]}]},{\"@type\":\"ImageObject\",\"inLanguage\":\"fr-FR\",\"@id\":\"https:\/\/www.mardosuido.com\/fr\/produit\/sole-commune\/#primaryimage\",\"url\":\"https:\/\/www.mardosuido.com\/wp-content\/uploads\/2025\/10\/solea-solea.webp\",\"contentUrl\":\"https:\/\/www.mardosuido.com\/wp-content\/uploads\/2025\/10\/solea-solea.webp\",\"width\":800,\"height\":800,\"caption\":\"SEMELLE EUROP\u00c9ENNE\"},{\"@type\":\"BreadcrumbList\",\"@id\":\"https:\/\/www.mardosuido.com\/fr\/produit\/sole-commune\/#breadcrumb\",\"itemListElement\":[{\"@type\":\"ListItem\",\"position\":1,\"name\":\"Portada\",\"item\":\"https:\/\/www.mardosuido.com\/fr\/\"},{\"@type\":\"ListItem\",\"position\":2,\"name\":\"Boutique\",\"item\":\"https:\/\/www.mardosuido.com\/fr\/boutique\/\"},{\"@type\":\"ListItem\",\"position\":3,\"name\":\"SOLE COMMUNE\"}]},{\"@type\":\"WebSite\",\"@id\":\"https:\/\/www.mardosuido.com\/fr\/#website\",\"url\":\"https:\/\/www.mardosuido.com\/fr\/\",\"name\":\"Mar do Su\u00eddo\",\"description\":\"Fruits de mer et poissons surgel\u00e9s\",\"publisher\":{\"@id\":\"https:\/\/www.mardosuido.com\/fr\/#organization\"},\"alternateName\":\"Mar do Su\u00eddo\",\"potentialAction\":[{\"@type\":\"SearchAction\",\"target\":{\"@type\":\"EntryPoint\",\"urlTemplate\":\"https:\/\/www.mardosuido.com\/fr\/?s={search_term_string}\"},\"query-input\":{\"@type\":\"PropertyValueSpecification\",\"valueRequired\":true,\"valueName\":\"search_term_string\"}}],\"inLanguage\":\"fr-FR\"},{\"@type\":\"Organization\",\"@id\":\"https:\/\/www.mardosuido.com\/fr\/#organization\",\"name\":\"Mar do Su\u00eddo SLU\",\"alternateName\":\"Mar do Su\u00eddo SLU\",\"url\":\"https:\/\/www.mardosuido.com\/fr\/\",\"logo\":{\"@type\":\"ImageObject\",\"inLanguage\":\"fr-FR\",\"@id\":\"https:\/\/www.mardosuido.com\/fr\/#\/schema\/logo\/image\/\",\"url\":\"https:\/\/www.mardosuido.com\/wp-content\/uploads\/2025\/08\/cropped-icono-mar-suido-naranja.png\",\"contentUrl\":\"https:\/\/www.mardosuido.com\/wp-content\/uploads\/2025\/08\/cropped-icono-mar-suido-naranja.png\",\"width\":512,\"height\":512,\"caption\":\"Mar do Su\u00eddo SLU\"},\"image\":{\"@id\":\"https:\/\/www.mardosuido.com\/fr\/#\/schema\/logo\/image\/\"},\"sameAs\":[\"https:\/\/www.facebook.com\/MardosuidoFrozenFish\",\"https:\/\/x.com\/mardosuido\",\"https:\/\/www.instagram.com\/mardosuidofish\/\"]}]}<\/script>\n<!-- \/ Yoast SEO plugin. -->","yoast_head_json":{"title":"SOLE COMMUNE Surgel\u00e9 - Acheter | Mar do Su\u00eddo","description":"Achetez du SOLE COMMUNE surgel\u00e9 de qualit\u00e9 sup\u00e9rieure. GRAND SOLEIL \/ ATLANTIQUE NORD-EST | Mar do Su\u00eddo","robots":{"index":"index","follow":"follow","max-snippet":"max-snippet:-1","max-image-preview":"max-image-preview:large","max-video-preview":"max-video-preview:-1"},"canonical":"https:\/\/www.mardosuido.com\/fr\/produit\/sole-commune\/","og_locale":"fr_FR","og_type":"article","og_title":"SOLE COMMUNE Surgel\u00e9 - Acheter | Mar do Su\u00eddo","og_description":"Achetez du SOLE COMMUNE surgel\u00e9 de qualit\u00e9 sup\u00e9rieure. GRAND SOLEIL \/ ATLANTIQUE NORD-EST | Mar do Su\u00eddo","og_url":"https:\/\/www.mardosuido.com\/fr\/produit\/sole-commune\/","og_site_name":"Mar do Su\u00eddo","article_publisher":"https:\/\/www.facebook.com\/MardosuidoFrozenFish","article_modified_time":"2026-02-09T09:31:59+00:00","og_image":[{"width":800,"height":800,"url":"https:\/\/www.mardosuido.com\/wp-content\/uploads\/2025\/10\/solea-solea.webp","type":"image\/webp"}],"twitter_card":"summary_large_image","twitter_site":"@mardosuido","twitter_misc":{"Dur\u00e9e de lecture estim\u00e9e":"1 minute"},"schema":{"@context":"https:\/\/schema.org","@graph":[{"@type":"WebPage","@id":"https:\/\/www.mardosuido.com\/fr\/produit\/sole-commune\/","url":"https:\/\/www.mardosuido.com\/fr\/produit\/sole-commune\/","name":"SOLE COMMUNE Surgel\u00e9 - Acheter | Mar do Su\u00eddo","isPartOf":{"@id":"https:\/\/www.mardosuido.com\/fr\/#website"},"primaryImageOfPage":{"@id":"https:\/\/www.mardosuido.com\/fr\/produit\/sole-commune\/#primaryimage"},"image":{"@id":"https:\/\/www.mardosuido.com\/fr\/produit\/sole-commune\/#primaryimage"},"thumbnailUrl":"https:\/\/www.mardosuido.com\/wp-content\/uploads\/2025\/10\/solea-solea.webp","datePublished":"2025-10-06T08:46:07+00:00","dateModified":"2026-02-09T09:31:59+00:00","description":"Achetez du SOLE COMMUNE surgel\u00e9 de qualit\u00e9 sup\u00e9rieure. GRAND SOLEIL \/ ATLANTIQUE NORD-EST | Mar do Su\u00eddo","breadcrumb":{"@id":"https:\/\/www.mardosuido.com\/fr\/produit\/sole-commune\/#breadcrumb"},"inLanguage":"fr-FR","potentialAction":[{"@type":"ReadAction","target":["https:\/\/www.mardosuido.com\/fr\/produit\/sole-commune\/"]}]},{"@type":"ImageObject","inLanguage":"fr-FR","@id":"https:\/\/www.mardosuido.com\/fr\/produit\/sole-commune\/#primaryimage","url":"https:\/\/www.mardosuido.com\/wp-content\/uploads\/2025\/10\/solea-solea.webp","contentUrl":"https:\/\/www.mardosuido.com\/wp-content\/uploads\/2025\/10\/solea-solea.webp","width":800,"height":800,"caption":"SEMELLE EUROP\u00c9ENNE"},{"@type":"BreadcrumbList","@id":"https:\/\/www.mardosuido.com\/fr\/produit\/sole-commune\/#breadcrumb","itemListElement":[{"@type":"ListItem","position":1,"name":"Portada","item":"https:\/\/www.mardosuido.com\/fr\/"},{"@type":"ListItem","position":2,"name":"Boutique","item":"https:\/\/www.mardosuido.com\/fr\/boutique\/"},{"@type":"ListItem","position":3,"name":"SOLE COMMUNE"}]},{"@type":"WebSite","@id":"https:\/\/www.mardosuido.com\/fr\/#website","url":"https:\/\/www.mardosuido.com\/fr\/","name":"Mar do Su\u00eddo","description":"Fruits de mer et poissons surgel\u00e9s","publisher":{"@id":"https:\/\/www.mardosuido.com\/fr\/#organization"},"alternateName":"Mar do Su\u00eddo","potentialAction":[{"@type":"SearchAction","target":{"@type":"EntryPoint","urlTemplate":"https:\/\/www.mardosuido.com\/fr\/?s={search_term_string}"},"query-input":{"@type":"PropertyValueSpecification","valueRequired":true,"valueName":"search_term_string"}}],"inLanguage":"fr-FR"},{"@type":"Organization","@id":"https:\/\/www.mardosuido.com\/fr\/#organization","name":"Mar do Su\u00eddo SLU","alternateName":"Mar do Su\u00eddo SLU","url":"https:\/\/www.mardosuido.com\/fr\/","logo":{"@type":"ImageObject","inLanguage":"fr-FR","@id":"https:\/\/www.mardosuido.com\/fr\/#\/schema\/logo\/image\/","url":"https:\/\/www.mardosuido.com\/wp-content\/uploads\/2025\/08\/cropped-icono-mar-suido-naranja.png","contentUrl":"https:\/\/www.mardosuido.com\/wp-content\/uploads\/2025\/08\/cropped-icono-mar-suido-naranja.png","width":512,"height":512,"caption":"Mar do Su\u00eddo SLU"},"image":{"@id":"https:\/\/www.mardosuido.com\/fr\/#\/schema\/logo\/image\/"},"sameAs":["https:\/\/www.facebook.com\/MardosuidoFrozenFish","https:\/\/x.com\/mardosuido","https:\/\/www.instagram.com\/mardosuidofish\/"]}]}},"_links":{"self":[{"href":"https:\/\/www.mardosuido.com\/fr\/wp-json\/wp\/v2\/product\/13676","targetHints":{"allow":["GET"]}}],"collection":[{"href":"https:\/\/www.mardosuido.com\/fr\/wp-json\/wp\/v2\/product"}],"about":[{"href":"https:\/\/www.mardosuido.com\/fr\/wp-json\/wp\/v2\/types\/product"}],"replies":[{"embeddable":true,"href":"https:\/\/www.mardosuido.com\/fr\/wp-json\/wp\/v2\/comments?post=13676"}],"version-history":[{"count":0,"href":"https:\/\/www.mardosuido.com\/fr\/wp-json\/wp\/v2\/product\/13676\/revisions"}],"wp:featuredmedia":[{"embeddable":true,"href":"https:\/\/www.mardosuido.com\/fr\/wp-json\/wp\/v2\/media\/11648"}],"wp:attachment":[{"href":"https:\/\/www.mardosuido.com\/fr\/wp-json\/wp\/v2\/media?parent=13676"}],"wp:term":[{"taxonomy":"product_brand","embeddable":true,"href":"https:\/\/www.mardosuido.com\/fr\/wp-json\/wp\/v2\/product_brand?post=13676"},{"taxonomy":"product_cat","embeddable":true,"href":"https:\/\/www.mardosuido.com\/fr\/wp-json\/wp\/v2\/product_cat?post=13676"},{"taxonomy":"product_tag","embeddable":true,"href":"https:\/\/www.mardosuido.com\/fr\/wp-json\/wp\/v2\/product_tag?post=13676"},{"taxonomy":"nombre_cientifico","embeddable":true,"href":"https:\/\/www.mardosuido.com\/fr\/wp-json\/wp\/v2\/nombre_cientifico?post=13676"},{"taxonomy":"zona_de_captura","embeddable":true,"href":"https:\/\/www.mardosuido.com\/fr\/wp-json\/wp\/v2\/zona_de_captura?post=13676"}],"curies":[{"name":"wp","href":"https:\/\/api.w.org\/{rel}","templated":true}]}}