{"id":13711,"date":"2025-10-06T07:35:43","date_gmt":"2025-10-06T07:35:43","guid":{"rendered":"https:\/\/www.mardosuido.com\/product\/sardine-filete-maroc\/"},"modified":"2026-02-09T10:00:41","modified_gmt":"2026-02-09T10:00:41","slug":"filet-de-sardine-maroc","status":"publish","type":"product","link":"https:\/\/www.mardosuido.com\/fr\/produit\/filet-de-sardine-maroc\/","title":{"rendered":"FILET DE SARDINE (MAROC)"},"content":{"rendered":"","protected":false},"excerpt":{"rendered":"<table width=\"405\">\n<tbody>\n<tr>\n<td width=\"405\">AFRIQUE DE L&#8217;OUEST (ATLANTIQUE CENTRE-EST)<\/td>\n<\/tr>\n<\/tbody>\n<\/table>\n","protected":false},"featured_media":11593,"comment_status":"open","ping_status":"closed","template":"","meta":{"_acf_changed":false},"product_brand":[],"product_cat":[1193,1078],"product_tag":[],"nombre_cientifico":[1255],"zona_de_captura":[1083,1084],"class_list":{"0":"post-13711","1":"product","2":"type-product","3":"status-publish","4":"has-post-thumbnail","6":"product_cat-elabore","7":"product_cat-poisson","8":"nombre_cientifico-pilchardus-pilchardus-fr","9":"zona_de_captura-fao-34-fr","10":"zona_de_captura-fao-47-fr","11":"nt-post-class","12":"","21":"first","22":"instock","23":"shipping-taxable","24":"purchasable","25":"product-type-simple"},"acf":[],"yoast_head":"<!-- This site is optimized with the Yoast SEO plugin v26.9 - https:\/\/yoast.com\/product\/yoast-seo-wordpress\/ -->\n<title>FILET DE SARDINE (MAROC) Surgel\u00e9 - Acheter | Mar do Su\u00eddo<\/title>\n<meta name=\"description\" content=\"Achetez du FILET DE SARDINE (MAROC) surgel\u00e9 de qualit\u00e9 sup\u00e9rieure. AFRIQUE DE L&#039;OUEST (ATLANTIQUE CENTRE-EST) | Mar do Su\u00eddo\" \/>\n<meta name=\"robots\" content=\"index, follow, max-snippet:-1, max-image-preview:large, max-video-preview:-1\" \/>\n<link rel=\"canonical\" href=\"https:\/\/www.mardosuido.com\/fr\/produit\/filet-de-sardine-maroc\/\" \/>\n<meta property=\"og:locale\" content=\"fr_FR\" \/>\n<meta property=\"og:type\" content=\"article\" \/>\n<meta property=\"og:title\" content=\"FILET DE SARDINE (MAROC) Surgel\u00e9 - Acheter | Mar do Su\u00eddo\" \/>\n<meta property=\"og:description\" content=\"Achetez du FILET DE SARDINE (MAROC) surgel\u00e9 de qualit\u00e9 sup\u00e9rieure. AFRIQUE DE L&#039;OUEST (ATLANTIQUE CENTRE-EST) | Mar do Su\u00eddo\" \/>\n<meta property=\"og:url\" content=\"https:\/\/www.mardosuido.com\/fr\/produit\/filet-de-sardine-maroc\/\" \/>\n<meta property=\"og:site_name\" content=\"Mar do Su\u00eddo\" \/>\n<meta property=\"article:publisher\" content=\"https:\/\/www.facebook.com\/MardosuidoFrozenFish\" \/>\n<meta property=\"article:modified_time\" content=\"2026-02-09T10:00:41+00:00\" \/>\n<meta property=\"og:image\" content=\"https:\/\/www.mardosuido.com\/wp-content\/uploads\/2025\/10\/sardina-pilchardus.webp\" \/>\n\t<meta property=\"og:image:width\" content=\"800\" \/>\n\t<meta property=\"og:image:height\" content=\"800\" \/>\n\t<meta property=\"og:image:type\" content=\"image\/webp\" \/>\n<meta name=\"twitter:card\" content=\"summary_large_image\" \/>\n<meta name=\"twitter:site\" content=\"@mardosuido\" \/>\n<meta name=\"twitter:label1\" content=\"Dur\u00e9e de lecture estim\u00e9e\" \/>\n\t<meta name=\"twitter:data1\" content=\"1 minute\" \/>\n<script type=\"application\/ld+json\" class=\"yoast-schema-graph\">{\"@context\":\"https:\/\/schema.org\",\"@graph\":[{\"@type\":\"WebPage\",\"@id\":\"https:\/\/www.mardosuido.com\/fr\/produit\/filet-de-sardine-maroc\/\",\"url\":\"https:\/\/www.mardosuido.com\/fr\/produit\/filet-de-sardine-maroc\/\",\"name\":\"FILET DE SARDINE (MAROC) Surgel\u00e9 - Acheter | Mar do Su\u00eddo\",\"isPartOf\":{\"@id\":\"https:\/\/www.mardosuido.com\/fr\/#website\"},\"primaryImageOfPage\":{\"@id\":\"https:\/\/www.mardosuido.com\/fr\/produit\/filet-de-sardine-maroc\/#primaryimage\"},\"image\":{\"@id\":\"https:\/\/www.mardosuido.com\/fr\/produit\/filet-de-sardine-maroc\/#primaryimage\"},\"thumbnailUrl\":\"https:\/\/www.mardosuido.com\/wp-content\/uploads\/2025\/10\/sardina-pilchardus.webp\",\"datePublished\":\"2025-10-06T07:35:43+00:00\",\"dateModified\":\"2026-02-09T10:00:41+00:00\",\"description\":\"Achetez du FILET DE SARDINE (MAROC) surgel\u00e9 de qualit\u00e9 sup\u00e9rieure. AFRIQUE DE L'OUEST (ATLANTIQUE CENTRE-EST) | Mar do Su\u00eddo\",\"breadcrumb\":{\"@id\":\"https:\/\/www.mardosuido.com\/fr\/produit\/filet-de-sardine-maroc\/#breadcrumb\"},\"inLanguage\":\"fr-FR\",\"potentialAction\":[{\"@type\":\"ReadAction\",\"target\":[\"https:\/\/www.mardosuido.com\/fr\/produit\/filet-de-sardine-maroc\/\"]}]},{\"@type\":\"ImageObject\",\"inLanguage\":\"fr-FR\",\"@id\":\"https:\/\/www.mardosuido.com\/fr\/produit\/filet-de-sardine-maroc\/#primaryimage\",\"url\":\"https:\/\/www.mardosuido.com\/wp-content\/uploads\/2025\/10\/sardina-pilchardus.webp\",\"contentUrl\":\"https:\/\/www.mardosuido.com\/wp-content\/uploads\/2025\/10\/sardina-pilchardus.webp\",\"width\":800,\"height\":800,\"caption\":\"SARDINE FILETE (Maroc)\"},{\"@type\":\"BreadcrumbList\",\"@id\":\"https:\/\/www.mardosuido.com\/fr\/produit\/filet-de-sardine-maroc\/#breadcrumb\",\"itemListElement\":[{\"@type\":\"ListItem\",\"position\":1,\"name\":\"Portada\",\"item\":\"https:\/\/www.mardosuido.com\/fr\/\"},{\"@type\":\"ListItem\",\"position\":2,\"name\":\"Boutique\",\"item\":\"https:\/\/www.mardosuido.com\/fr\/boutique\/\"},{\"@type\":\"ListItem\",\"position\":3,\"name\":\"FILET DE SARDINE (MAROC)\"}]},{\"@type\":\"WebSite\",\"@id\":\"https:\/\/www.mardosuido.com\/fr\/#website\",\"url\":\"https:\/\/www.mardosuido.com\/fr\/\",\"name\":\"Mar do Su\u00eddo\",\"description\":\"Fruits de mer et poissons surgel\u00e9s\",\"publisher\":{\"@id\":\"https:\/\/www.mardosuido.com\/fr\/#organization\"},\"alternateName\":\"Mar do Su\u00eddo\",\"potentialAction\":[{\"@type\":\"SearchAction\",\"target\":{\"@type\":\"EntryPoint\",\"urlTemplate\":\"https:\/\/www.mardosuido.com\/fr\/?s={search_term_string}\"},\"query-input\":{\"@type\":\"PropertyValueSpecification\",\"valueRequired\":true,\"valueName\":\"search_term_string\"}}],\"inLanguage\":\"fr-FR\"},{\"@type\":\"Organization\",\"@id\":\"https:\/\/www.mardosuido.com\/fr\/#organization\",\"name\":\"Mar do Su\u00eddo SLU\",\"alternateName\":\"Mar do Su\u00eddo SLU\",\"url\":\"https:\/\/www.mardosuido.com\/fr\/\",\"logo\":{\"@type\":\"ImageObject\",\"inLanguage\":\"fr-FR\",\"@id\":\"https:\/\/www.mardosuido.com\/fr\/#\/schema\/logo\/image\/\",\"url\":\"https:\/\/www.mardosuido.com\/wp-content\/uploads\/2025\/08\/cropped-icono-mar-suido-naranja.png\",\"contentUrl\":\"https:\/\/www.mardosuido.com\/wp-content\/uploads\/2025\/08\/cropped-icono-mar-suido-naranja.png\",\"width\":512,\"height\":512,\"caption\":\"Mar do Su\u00eddo SLU\"},\"image\":{\"@id\":\"https:\/\/www.mardosuido.com\/fr\/#\/schema\/logo\/image\/\"},\"sameAs\":[\"https:\/\/www.facebook.com\/MardosuidoFrozenFish\",\"https:\/\/x.com\/mardosuido\",\"https:\/\/www.instagram.com\/mardosuidofish\/\"]}]}<\/script>\n<!-- \/ Yoast SEO plugin. -->","yoast_head_json":{"title":"FILET DE SARDINE (MAROC) Surgel\u00e9 - Acheter | Mar do Su\u00eddo","description":"Achetez du FILET DE SARDINE (MAROC) surgel\u00e9 de qualit\u00e9 sup\u00e9rieure. AFRIQUE DE L'OUEST (ATLANTIQUE CENTRE-EST) | Mar do Su\u00eddo","robots":{"index":"index","follow":"follow","max-snippet":"max-snippet:-1","max-image-preview":"max-image-preview:large","max-video-preview":"max-video-preview:-1"},"canonical":"https:\/\/www.mardosuido.com\/fr\/produit\/filet-de-sardine-maroc\/","og_locale":"fr_FR","og_type":"article","og_title":"FILET DE SARDINE (MAROC) Surgel\u00e9 - Acheter | Mar do Su\u00eddo","og_description":"Achetez du FILET DE SARDINE (MAROC) surgel\u00e9 de qualit\u00e9 sup\u00e9rieure. AFRIQUE DE L'OUEST (ATLANTIQUE CENTRE-EST) | Mar do Su\u00eddo","og_url":"https:\/\/www.mardosuido.com\/fr\/produit\/filet-de-sardine-maroc\/","og_site_name":"Mar do Su\u00eddo","article_publisher":"https:\/\/www.facebook.com\/MardosuidoFrozenFish","article_modified_time":"2026-02-09T10:00:41+00:00","og_image":[{"width":800,"height":800,"url":"https:\/\/www.mardosuido.com\/wp-content\/uploads\/2025\/10\/sardina-pilchardus.webp","type":"image\/webp"}],"twitter_card":"summary_large_image","twitter_site":"@mardosuido","twitter_misc":{"Dur\u00e9e de lecture estim\u00e9e":"1 minute"},"schema":{"@context":"https:\/\/schema.org","@graph":[{"@type":"WebPage","@id":"https:\/\/www.mardosuido.com\/fr\/produit\/filet-de-sardine-maroc\/","url":"https:\/\/www.mardosuido.com\/fr\/produit\/filet-de-sardine-maroc\/","name":"FILET DE SARDINE (MAROC) Surgel\u00e9 - Acheter | Mar do Su\u00eddo","isPartOf":{"@id":"https:\/\/www.mardosuido.com\/fr\/#website"},"primaryImageOfPage":{"@id":"https:\/\/www.mardosuido.com\/fr\/produit\/filet-de-sardine-maroc\/#primaryimage"},"image":{"@id":"https:\/\/www.mardosuido.com\/fr\/produit\/filet-de-sardine-maroc\/#primaryimage"},"thumbnailUrl":"https:\/\/www.mardosuido.com\/wp-content\/uploads\/2025\/10\/sardina-pilchardus.webp","datePublished":"2025-10-06T07:35:43+00:00","dateModified":"2026-02-09T10:00:41+00:00","description":"Achetez du FILET DE SARDINE (MAROC) surgel\u00e9 de qualit\u00e9 sup\u00e9rieure. AFRIQUE DE L'OUEST (ATLANTIQUE CENTRE-EST) | Mar do Su\u00eddo","breadcrumb":{"@id":"https:\/\/www.mardosuido.com\/fr\/produit\/filet-de-sardine-maroc\/#breadcrumb"},"inLanguage":"fr-FR","potentialAction":[{"@type":"ReadAction","target":["https:\/\/www.mardosuido.com\/fr\/produit\/filet-de-sardine-maroc\/"]}]},{"@type":"ImageObject","inLanguage":"fr-FR","@id":"https:\/\/www.mardosuido.com\/fr\/produit\/filet-de-sardine-maroc\/#primaryimage","url":"https:\/\/www.mardosuido.com\/wp-content\/uploads\/2025\/10\/sardina-pilchardus.webp","contentUrl":"https:\/\/www.mardosuido.com\/wp-content\/uploads\/2025\/10\/sardina-pilchardus.webp","width":800,"height":800,"caption":"SARDINE FILETE (Maroc)"},{"@type":"BreadcrumbList","@id":"https:\/\/www.mardosuido.com\/fr\/produit\/filet-de-sardine-maroc\/#breadcrumb","itemListElement":[{"@type":"ListItem","position":1,"name":"Portada","item":"https:\/\/www.mardosuido.com\/fr\/"},{"@type":"ListItem","position":2,"name":"Boutique","item":"https:\/\/www.mardosuido.com\/fr\/boutique\/"},{"@type":"ListItem","position":3,"name":"FILET DE SARDINE (MAROC)"}]},{"@type":"WebSite","@id":"https:\/\/www.mardosuido.com\/fr\/#website","url":"https:\/\/www.mardosuido.com\/fr\/","name":"Mar do Su\u00eddo","description":"Fruits de mer et poissons surgel\u00e9s","publisher":{"@id":"https:\/\/www.mardosuido.com\/fr\/#organization"},"alternateName":"Mar do Su\u00eddo","potentialAction":[{"@type":"SearchAction","target":{"@type":"EntryPoint","urlTemplate":"https:\/\/www.mardosuido.com\/fr\/?s={search_term_string}"},"query-input":{"@type":"PropertyValueSpecification","valueRequired":true,"valueName":"search_term_string"}}],"inLanguage":"fr-FR"},{"@type":"Organization","@id":"https:\/\/www.mardosuido.com\/fr\/#organization","name":"Mar do Su\u00eddo SLU","alternateName":"Mar do Su\u00eddo SLU","url":"https:\/\/www.mardosuido.com\/fr\/","logo":{"@type":"ImageObject","inLanguage":"fr-FR","@id":"https:\/\/www.mardosuido.com\/fr\/#\/schema\/logo\/image\/","url":"https:\/\/www.mardosuido.com\/wp-content\/uploads\/2025\/08\/cropped-icono-mar-suido-naranja.png","contentUrl":"https:\/\/www.mardosuido.com\/wp-content\/uploads\/2025\/08\/cropped-icono-mar-suido-naranja.png","width":512,"height":512,"caption":"Mar do Su\u00eddo SLU"},"image":{"@id":"https:\/\/www.mardosuido.com\/fr\/#\/schema\/logo\/image\/"},"sameAs":["https:\/\/www.facebook.com\/MardosuidoFrozenFish","https:\/\/x.com\/mardosuido","https:\/\/www.instagram.com\/mardosuidofish\/"]}]}},"_links":{"self":[{"href":"https:\/\/www.mardosuido.com\/fr\/wp-json\/wp\/v2\/product\/13711","targetHints":{"allow":["GET"]}}],"collection":[{"href":"https:\/\/www.mardosuido.com\/fr\/wp-json\/wp\/v2\/product"}],"about":[{"href":"https:\/\/www.mardosuido.com\/fr\/wp-json\/wp\/v2\/types\/product"}],"replies":[{"embeddable":true,"href":"https:\/\/www.mardosuido.com\/fr\/wp-json\/wp\/v2\/comments?post=13711"}],"version-history":[{"count":0,"href":"https:\/\/www.mardosuido.com\/fr\/wp-json\/wp\/v2\/product\/13711\/revisions"}],"wp:featuredmedia":[{"embeddable":true,"href":"https:\/\/www.mardosuido.com\/fr\/wp-json\/wp\/v2\/media\/11593"}],"wp:attachment":[{"href":"https:\/\/www.mardosuido.com\/fr\/wp-json\/wp\/v2\/media?parent=13711"}],"wp:term":[{"taxonomy":"product_brand","embeddable":true,"href":"https:\/\/www.mardosuido.com\/fr\/wp-json\/wp\/v2\/product_brand?post=13711"},{"taxonomy":"product_cat","embeddable":true,"href":"https:\/\/www.mardosuido.com\/fr\/wp-json\/wp\/v2\/product_cat?post=13711"},{"taxonomy":"product_tag","embeddable":true,"href":"https:\/\/www.mardosuido.com\/fr\/wp-json\/wp\/v2\/product_tag?post=13711"},{"taxonomy":"nombre_cientifico","embeddable":true,"href":"https:\/\/www.mardosuido.com\/fr\/wp-json\/wp\/v2\/nombre_cientifico?post=13711"},{"taxonomy":"zona_de_captura","embeddable":true,"href":"https:\/\/www.mardosuido.com\/fr\/wp-json\/wp\/v2\/zona_de_captura?post=13711"}],"curies":[{"name":"wp","href":"https:\/\/api.w.org\/{rel}","templated":true}]}}