{"id":13670,"date":"2025-10-06T09:14:57","date_gmt":"2025-10-06T09:14:57","guid":{"rendered":"https:\/\/www.mardosuido.com\/product\/laghi-di-cape-hake-sudafrica\/"},"modified":"2026-02-09T09:29:09","modified_gmt":"2026-02-09T09:29:09","slug":"lombi-di-nasello-del-capo-sudafrica","status":"publish","type":"product","link":"https:\/\/www.mardosuido.com\/it\/prodotto\/lombi-di-nasello-del-capo-sudafrica\/","title":{"rendered":"LOMBI DI NASELLO DEL CAPO (SUDAFRICA)"},"content":{"rendered":"","protected":false},"excerpt":{"rendered":"<p>AFRICA OCCIDENTALE (ATLANTICO CENTRO-ORIENTALE)<\/p>\n","protected":false},"featured_media":11577,"comment_status":"open","ping_status":"closed","template":"","meta":{"_acf_changed":false},"product_brand":[],"product_cat":[1192,1065],"product_tag":[1099,1098],"nombre_cientifico":[1186],"zona_de_captura":[1070,1071],"class_list":{"0":"post-13670","1":"product","2":"type-product","3":"status-publish","4":"has-post-thumbnail","6":"product_cat-elaborato","7":"product_cat-pesce","8":"product_tag-nasello-it","9":"product_tag-nasello","10":"nombre_cientifico-merluccius-capensis-it","11":"zona_de_captura-fao-34-it","12":"zona_de_captura-fao-47-it","13":"nt-post-class","14":"","23":"first","24":"instock","25":"shipping-taxable","26":"purchasable","27":"product-type-simple"},"acf":[],"yoast_head":"<!-- This site is optimized with the Yoast SEO plugin v26.9 - https:\/\/yoast.com\/product\/yoast-seo-wordpress\/ -->\n<title>LOMBI DI NASELLO DEL CAPO (SUDAFRICA) Surgelato - Comprare | Mar do Su\u00eddo<\/title>\n<meta name=\"description\" content=\"Acquista LOMBI DI NASELLO DEL CAPO (SUDAFRICA) surgelato di massima qualit\u00e0. AFRICA OCCIDENTALE (ATLANTICO CENTRO-ORIENTALE) | Mar do Su\u00eddo\" \/>\n<meta name=\"robots\" content=\"index, follow, max-snippet:-1, max-image-preview:large, max-video-preview:-1\" \/>\n<link rel=\"canonical\" href=\"https:\/\/www.mardosuido.com\/it\/prodotto\/lombi-di-nasello-del-capo-sudafrica\/\" \/>\n<meta property=\"og:locale\" content=\"it_IT\" \/>\n<meta property=\"og:type\" content=\"article\" \/>\n<meta property=\"og:title\" content=\"LOMBI DI NASELLO DEL CAPO (SUDAFRICA) Surgelato - Comprare | Mar do Su\u00eddo\" \/>\n<meta property=\"og:description\" content=\"Acquista LOMBI DI NASELLO DEL CAPO (SUDAFRICA) surgelato di massima qualit\u00e0. AFRICA OCCIDENTALE (ATLANTICO CENTRO-ORIENTALE) | Mar do Su\u00eddo\" \/>\n<meta property=\"og:url\" content=\"https:\/\/www.mardosuido.com\/it\/prodotto\/lombi-di-nasello-del-capo-sudafrica\/\" \/>\n<meta property=\"og:site_name\" content=\"Mar do Su\u00eddo\" \/>\n<meta property=\"article:publisher\" content=\"https:\/\/www.facebook.com\/MardosuidoFrozenFish\" \/>\n<meta property=\"article:modified_time\" content=\"2026-02-09T09:29:09+00:00\" \/>\n<meta property=\"og:image\" content=\"https:\/\/www.mardosuido.com\/wp-content\/uploads\/2025\/10\/merluccius-capensis.webp\" \/>\n\t<meta property=\"og:image:width\" content=\"800\" \/>\n\t<meta property=\"og:image:height\" content=\"800\" \/>\n\t<meta property=\"og:image:type\" content=\"image\/webp\" \/>\n<meta name=\"twitter:card\" content=\"summary_large_image\" \/>\n<meta name=\"twitter:site\" content=\"@mardosuido\" \/>\n<meta name=\"twitter:label1\" content=\"Tempo di lettura stimato\" \/>\n\t<meta name=\"twitter:data1\" content=\"1 minuto\" \/>\n<script type=\"application\/ld+json\" class=\"yoast-schema-graph\">{\"@context\":\"https:\/\/schema.org\",\"@graph\":[{\"@type\":\"WebPage\",\"@id\":\"https:\/\/www.mardosuido.com\/it\/prodotto\/lombi-di-nasello-del-capo-sudafrica\/\",\"url\":\"https:\/\/www.mardosuido.com\/it\/prodotto\/lombi-di-nasello-del-capo-sudafrica\/\",\"name\":\"LOMBI DI NASELLO DEL CAPO (SUDAFRICA) Surgelato - Comprare | Mar do Su\u00eddo\",\"isPartOf\":{\"@id\":\"https:\/\/www.mardosuido.com\/it\/#website\"},\"primaryImageOfPage\":{\"@id\":\"https:\/\/www.mardosuido.com\/it\/prodotto\/lombi-di-nasello-del-capo-sudafrica\/#primaryimage\"},\"image\":{\"@id\":\"https:\/\/www.mardosuido.com\/it\/prodotto\/lombi-di-nasello-del-capo-sudafrica\/#primaryimage\"},\"thumbnailUrl\":\"https:\/\/www.mardosuido.com\/wp-content\/uploads\/2025\/10\/merluccius-capensis.webp\",\"datePublished\":\"2025-10-06T09:14:57+00:00\",\"dateModified\":\"2026-02-09T09:29:09+00:00\",\"description\":\"Acquista LOMBI DI NASELLO DEL CAPO (SUDAFRICA) surgelato di massima qualit\u00e0. AFRICA OCCIDENTALE (ATLANTICO CENTRO-ORIENTALE) | Mar do Su\u00eddo\",\"breadcrumb\":{\"@id\":\"https:\/\/www.mardosuido.com\/it\/prodotto\/lombi-di-nasello-del-capo-sudafrica\/#breadcrumb\"},\"inLanguage\":\"it-IT\",\"potentialAction\":[{\"@type\":\"ReadAction\",\"target\":[\"https:\/\/www.mardosuido.com\/it\/prodotto\/lombi-di-nasello-del-capo-sudafrica\/\"]}]},{\"@type\":\"ImageObject\",\"inLanguage\":\"it-IT\",\"@id\":\"https:\/\/www.mardosuido.com\/it\/prodotto\/lombi-di-nasello-del-capo-sudafrica\/#primaryimage\",\"url\":\"https:\/\/www.mardosuido.com\/wp-content\/uploads\/2025\/10\/merluccius-capensis.webp\",\"contentUrl\":\"https:\/\/www.mardosuido.com\/wp-content\/uploads\/2025\/10\/merluccius-capensis.webp\",\"width\":800,\"height\":800,\"caption\":\"CAPE HAKE (Sudafrica)\"},{\"@type\":\"BreadcrumbList\",\"@id\":\"https:\/\/www.mardosuido.com\/it\/prodotto\/lombi-di-nasello-del-capo-sudafrica\/#breadcrumb\",\"itemListElement\":[{\"@type\":\"ListItem\",\"position\":1,\"name\":\"Portada\",\"item\":\"https:\/\/www.mardosuido.com\/it\/\"},{\"@type\":\"ListItem\",\"position\":2,\"name\":\"Negozio\",\"item\":\"https:\/\/www.mardosuido.com\/it\/negozio\/\"},{\"@type\":\"ListItem\",\"position\":3,\"name\":\"LOMBI DI NASELLO DEL CAPO (SUDAFRICA)\"}]},{\"@type\":\"WebSite\",\"@id\":\"https:\/\/www.mardosuido.com\/it\/#website\",\"url\":\"https:\/\/www.mardosuido.com\/it\/\",\"name\":\"Mar do Su\u00eddo\",\"description\":\"Frutti di mare e pesce surgelati\",\"publisher\":{\"@id\":\"https:\/\/www.mardosuido.com\/it\/#organization\"},\"alternateName\":\"Mar do Su\u00eddo\",\"potentialAction\":[{\"@type\":\"SearchAction\",\"target\":{\"@type\":\"EntryPoint\",\"urlTemplate\":\"https:\/\/www.mardosuido.com\/it\/?s={search_term_string}\"},\"query-input\":{\"@type\":\"PropertyValueSpecification\",\"valueRequired\":true,\"valueName\":\"search_term_string\"}}],\"inLanguage\":\"it-IT\"},{\"@type\":\"Organization\",\"@id\":\"https:\/\/www.mardosuido.com\/it\/#organization\",\"name\":\"Mar do Su\u00eddo SLU\",\"alternateName\":\"Mar do Su\u00eddo SLU\",\"url\":\"https:\/\/www.mardosuido.com\/it\/\",\"logo\":{\"@type\":\"ImageObject\",\"inLanguage\":\"it-IT\",\"@id\":\"https:\/\/www.mardosuido.com\/it\/#\/schema\/logo\/image\/\",\"url\":\"https:\/\/www.mardosuido.com\/wp-content\/uploads\/2025\/08\/cropped-icono-mar-suido-naranja.png\",\"contentUrl\":\"https:\/\/www.mardosuido.com\/wp-content\/uploads\/2025\/08\/cropped-icono-mar-suido-naranja.png\",\"width\":512,\"height\":512,\"caption\":\"Mar do Su\u00eddo SLU\"},\"image\":{\"@id\":\"https:\/\/www.mardosuido.com\/it\/#\/schema\/logo\/image\/\"},\"sameAs\":[\"https:\/\/www.facebook.com\/MardosuidoFrozenFish\",\"https:\/\/x.com\/mardosuido\",\"https:\/\/www.instagram.com\/mardosuidofish\/\"]}]}<\/script>\n<!-- \/ Yoast SEO plugin. -->","yoast_head_json":{"title":"LOMBI DI NASELLO DEL CAPO (SUDAFRICA) Surgelato - Comprare | Mar do Su\u00eddo","description":"Acquista LOMBI DI NASELLO DEL CAPO (SUDAFRICA) surgelato di massima qualit\u00e0. AFRICA OCCIDENTALE (ATLANTICO CENTRO-ORIENTALE) | Mar do Su\u00eddo","robots":{"index":"index","follow":"follow","max-snippet":"max-snippet:-1","max-image-preview":"max-image-preview:large","max-video-preview":"max-video-preview:-1"},"canonical":"https:\/\/www.mardosuido.com\/it\/prodotto\/lombi-di-nasello-del-capo-sudafrica\/","og_locale":"it_IT","og_type":"article","og_title":"LOMBI DI NASELLO DEL CAPO (SUDAFRICA) Surgelato - Comprare | Mar do Su\u00eddo","og_description":"Acquista LOMBI DI NASELLO DEL CAPO (SUDAFRICA) surgelato di massima qualit\u00e0. AFRICA OCCIDENTALE (ATLANTICO CENTRO-ORIENTALE) | Mar do Su\u00eddo","og_url":"https:\/\/www.mardosuido.com\/it\/prodotto\/lombi-di-nasello-del-capo-sudafrica\/","og_site_name":"Mar do Su\u00eddo","article_publisher":"https:\/\/www.facebook.com\/MardosuidoFrozenFish","article_modified_time":"2026-02-09T09:29:09+00:00","og_image":[{"width":800,"height":800,"url":"https:\/\/www.mardosuido.com\/wp-content\/uploads\/2025\/10\/merluccius-capensis.webp","type":"image\/webp"}],"twitter_card":"summary_large_image","twitter_site":"@mardosuido","twitter_misc":{"Tempo di lettura stimato":"1 minuto"},"schema":{"@context":"https:\/\/schema.org","@graph":[{"@type":"WebPage","@id":"https:\/\/www.mardosuido.com\/it\/prodotto\/lombi-di-nasello-del-capo-sudafrica\/","url":"https:\/\/www.mardosuido.com\/it\/prodotto\/lombi-di-nasello-del-capo-sudafrica\/","name":"LOMBI DI NASELLO DEL CAPO (SUDAFRICA) Surgelato - Comprare | Mar do Su\u00eddo","isPartOf":{"@id":"https:\/\/www.mardosuido.com\/it\/#website"},"primaryImageOfPage":{"@id":"https:\/\/www.mardosuido.com\/it\/prodotto\/lombi-di-nasello-del-capo-sudafrica\/#primaryimage"},"image":{"@id":"https:\/\/www.mardosuido.com\/it\/prodotto\/lombi-di-nasello-del-capo-sudafrica\/#primaryimage"},"thumbnailUrl":"https:\/\/www.mardosuido.com\/wp-content\/uploads\/2025\/10\/merluccius-capensis.webp","datePublished":"2025-10-06T09:14:57+00:00","dateModified":"2026-02-09T09:29:09+00:00","description":"Acquista LOMBI DI NASELLO DEL CAPO (SUDAFRICA) surgelato di massima qualit\u00e0. AFRICA OCCIDENTALE (ATLANTICO CENTRO-ORIENTALE) | Mar do Su\u00eddo","breadcrumb":{"@id":"https:\/\/www.mardosuido.com\/it\/prodotto\/lombi-di-nasello-del-capo-sudafrica\/#breadcrumb"},"inLanguage":"it-IT","potentialAction":[{"@type":"ReadAction","target":["https:\/\/www.mardosuido.com\/it\/prodotto\/lombi-di-nasello-del-capo-sudafrica\/"]}]},{"@type":"ImageObject","inLanguage":"it-IT","@id":"https:\/\/www.mardosuido.com\/it\/prodotto\/lombi-di-nasello-del-capo-sudafrica\/#primaryimage","url":"https:\/\/www.mardosuido.com\/wp-content\/uploads\/2025\/10\/merluccius-capensis.webp","contentUrl":"https:\/\/www.mardosuido.com\/wp-content\/uploads\/2025\/10\/merluccius-capensis.webp","width":800,"height":800,"caption":"CAPE HAKE (Sudafrica)"},{"@type":"BreadcrumbList","@id":"https:\/\/www.mardosuido.com\/it\/prodotto\/lombi-di-nasello-del-capo-sudafrica\/#breadcrumb","itemListElement":[{"@type":"ListItem","position":1,"name":"Portada","item":"https:\/\/www.mardosuido.com\/it\/"},{"@type":"ListItem","position":2,"name":"Negozio","item":"https:\/\/www.mardosuido.com\/it\/negozio\/"},{"@type":"ListItem","position":3,"name":"LOMBI DI NASELLO DEL CAPO (SUDAFRICA)"}]},{"@type":"WebSite","@id":"https:\/\/www.mardosuido.com\/it\/#website","url":"https:\/\/www.mardosuido.com\/it\/","name":"Mar do Su\u00eddo","description":"Frutti di mare e pesce surgelati","publisher":{"@id":"https:\/\/www.mardosuido.com\/it\/#organization"},"alternateName":"Mar do Su\u00eddo","potentialAction":[{"@type":"SearchAction","target":{"@type":"EntryPoint","urlTemplate":"https:\/\/www.mardosuido.com\/it\/?s={search_term_string}"},"query-input":{"@type":"PropertyValueSpecification","valueRequired":true,"valueName":"search_term_string"}}],"inLanguage":"it-IT"},{"@type":"Organization","@id":"https:\/\/www.mardosuido.com\/it\/#organization","name":"Mar do Su\u00eddo SLU","alternateName":"Mar do Su\u00eddo SLU","url":"https:\/\/www.mardosuido.com\/it\/","logo":{"@type":"ImageObject","inLanguage":"it-IT","@id":"https:\/\/www.mardosuido.com\/it\/#\/schema\/logo\/image\/","url":"https:\/\/www.mardosuido.com\/wp-content\/uploads\/2025\/08\/cropped-icono-mar-suido-naranja.png","contentUrl":"https:\/\/www.mardosuido.com\/wp-content\/uploads\/2025\/08\/cropped-icono-mar-suido-naranja.png","width":512,"height":512,"caption":"Mar do Su\u00eddo SLU"},"image":{"@id":"https:\/\/www.mardosuido.com\/it\/#\/schema\/logo\/image\/"},"sameAs":["https:\/\/www.facebook.com\/MardosuidoFrozenFish","https:\/\/x.com\/mardosuido","https:\/\/www.instagram.com\/mardosuidofish\/"]}]}},"_links":{"self":[{"href":"https:\/\/www.mardosuido.com\/it\/wp-json\/wp\/v2\/product\/13670","targetHints":{"allow":["GET"]}}],"collection":[{"href":"https:\/\/www.mardosuido.com\/it\/wp-json\/wp\/v2\/product"}],"about":[{"href":"https:\/\/www.mardosuido.com\/it\/wp-json\/wp\/v2\/types\/product"}],"replies":[{"embeddable":true,"href":"https:\/\/www.mardosuido.com\/it\/wp-json\/wp\/v2\/comments?post=13670"}],"version-history":[{"count":0,"href":"https:\/\/www.mardosuido.com\/it\/wp-json\/wp\/v2\/product\/13670\/revisions"}],"wp:featuredmedia":[{"embeddable":true,"href":"https:\/\/www.mardosuido.com\/it\/wp-json\/wp\/v2\/media\/11577"}],"wp:attachment":[{"href":"https:\/\/www.mardosuido.com\/it\/wp-json\/wp\/v2\/media?parent=13670"}],"wp:term":[{"taxonomy":"product_brand","embeddable":true,"href":"https:\/\/www.mardosuido.com\/it\/wp-json\/wp\/v2\/product_brand?post=13670"},{"taxonomy":"product_cat","embeddable":true,"href":"https:\/\/www.mardosuido.com\/it\/wp-json\/wp\/v2\/product_cat?post=13670"},{"taxonomy":"product_tag","embeddable":true,"href":"https:\/\/www.mardosuido.com\/it\/wp-json\/wp\/v2\/product_tag?post=13670"},{"taxonomy":"nombre_cientifico","embeddable":true,"href":"https:\/\/www.mardosuido.com\/it\/wp-json\/wp\/v2\/nombre_cientifico?post=13670"},{"taxonomy":"zona_de_captura","embeddable":true,"href":"https:\/\/www.mardosuido.com\/it\/wp-json\/wp\/v2\/zona_de_captura?post=13670"}],"curies":[{"name":"wp","href":"https:\/\/api.w.org\/{rel}","templated":true}]}}