{"id":16523,"date":"2025-11-27T12:23:18","date_gmt":"2025-11-27T12:23:18","guid":{"rendered":"https:\/\/www.mardosuido.com\/?post_type=product&#038;p=16523"},"modified":"2026-02-03T13:15:23","modified_gmt":"2026-02-03T13:15:23","slug":"tranci-di-verdesca","status":"publish","type":"product","link":"https:\/\/www.mardosuido.com\/it\/prodotto\/tranci-di-verdesca\/","title":{"rendered":"TRANCI DI VERDESCA"},"content":{"rendered":"","protected":false},"excerpt":{"rendered":"<p>SQUALI( QUELLA)<\/p>\n","protected":false},"featured_media":11484,"comment_status":"open","ping_status":"closed","template":"","meta":{"_acf_changed":false},"product_brand":[],"product_cat":[908,1192,1065],"product_tag":[1436,1438,1437],"nombre_cientifico":[1435],"zona_de_captura":[1068,1069,1073,1070,1072,1071,1075,1076,1074],"class_list":{"0":"post-16523","1":"product","2":"type-product","3":"status-publish","4":"has-post-thumbnail","6":"product_cat-da-asta","7":"product_cat-elaborato","8":"product_cat-pesce","9":"product_tag-quella-it","10":"product_tag-quenlla-it","11":"product_tag-squalo-blu","12":"nombre_cientifico-prionace-glauca-it","13":"zona_de_captura-fao-21-it","14":"zona_de_captura-fao-27-it","15":"zona_de_captura-fao-31-it","16":"zona_de_captura-fao-34-it","17":"zona_de_captura-fao-41-it","18":"zona_de_captura-fao-47-it","19":"zona_de_captura-fao-77-it","20":"zona_de_captura-fao-81-it","21":"zona_de_captura-fao-87-it","22":"nt-post-class","23":"","32":"first","33":"instock","34":"shipping-taxable","35":"purchasable","36":"product-type-simple"},"acf":[],"yoast_head":"<!-- This site is optimized with the Yoast SEO plugin v26.9 - https:\/\/yoast.com\/product\/yoast-seo-wordpress\/ -->\n<title>TRANCI DI VERDESCA Surgelato - Comprare | Mar do Su\u00eddo<\/title>\n<meta name=\"description\" content=\"Acquista TRANCI DI VERDESCA surgelato di massima qualit\u00e0. SQUALI( QUELLA) | Mar do Su\u00eddo\" \/>\n<meta name=\"robots\" content=\"index, follow, max-snippet:-1, max-image-preview:large, max-video-preview:-1\" \/>\n<link rel=\"canonical\" href=\"https:\/\/www.mardosuido.com\/it\/prodotto\/tranci-di-verdesca\/\" \/>\n<meta property=\"og:locale\" content=\"it_IT\" \/>\n<meta property=\"og:type\" content=\"article\" \/>\n<meta property=\"og:title\" content=\"TRANCI DI VERDESCA Surgelato - Comprare | Mar do Su\u00eddo\" \/>\n<meta property=\"og:description\" content=\"Acquista TRANCI DI VERDESCA surgelato di massima qualit\u00e0. SQUALI( QUELLA) | Mar do Su\u00eddo\" \/>\n<meta property=\"og:url\" content=\"https:\/\/www.mardosuido.com\/it\/prodotto\/tranci-di-verdesca\/\" \/>\n<meta property=\"og:site_name\" content=\"Mar do Su\u00eddo\" \/>\n<meta property=\"article:publisher\" content=\"https:\/\/www.facebook.com\/MardosuidoFrozenFish\" \/>\n<meta property=\"article:modified_time\" content=\"2026-02-03T13:15:23+00:00\" \/>\n<meta property=\"og:image\" content=\"https:\/\/www.mardosuido.com\/wp-content\/uploads\/2025\/10\/prionace-glauca.webp\" \/>\n\t<meta property=\"og:image:width\" content=\"800\" \/>\n\t<meta property=\"og:image:height\" content=\"800\" \/>\n\t<meta property=\"og:image:type\" content=\"image\/webp\" \/>\n<meta name=\"twitter:card\" content=\"summary_large_image\" \/>\n<meta name=\"twitter:site\" content=\"@mardosuido\" \/>\n<meta name=\"twitter:label1\" content=\"Tempo di lettura stimato\" \/>\n\t<meta name=\"twitter:data1\" content=\"1 minuto\" \/>\n<script type=\"application\/ld+json\" class=\"yoast-schema-graph\">{\"@context\":\"https:\/\/schema.org\",\"@graph\":[{\"@type\":\"WebPage\",\"@id\":\"https:\/\/www.mardosuido.com\/it\/prodotto\/tranci-di-verdesca\/\",\"url\":\"https:\/\/www.mardosuido.com\/it\/prodotto\/tranci-di-verdesca\/\",\"name\":\"TRANCI DI VERDESCA Surgelato - Comprare | Mar do Su\u00eddo\",\"isPartOf\":{\"@id\":\"https:\/\/www.mardosuido.com\/it\/#website\"},\"primaryImageOfPage\":{\"@id\":\"https:\/\/www.mardosuido.com\/it\/prodotto\/tranci-di-verdesca\/#primaryimage\"},\"image\":{\"@id\":\"https:\/\/www.mardosuido.com\/it\/prodotto\/tranci-di-verdesca\/#primaryimage\"},\"thumbnailUrl\":\"https:\/\/www.mardosuido.com\/wp-content\/uploads\/2025\/10\/prionace-glauca.webp\",\"datePublished\":\"2025-11-27T12:23:18+00:00\",\"dateModified\":\"2026-02-03T13:15:23+00:00\",\"description\":\"Acquista TRANCI DI VERDESCA surgelato di massima qualit\u00e0. SQUALI( QUELLA) | Mar do Su\u00eddo\",\"breadcrumb\":{\"@id\":\"https:\/\/www.mardosuido.com\/it\/prodotto\/tranci-di-verdesca\/#breadcrumb\"},\"inLanguage\":\"it-IT\",\"potentialAction\":[{\"@type\":\"ReadAction\",\"target\":[\"https:\/\/www.mardosuido.com\/it\/prodotto\/tranci-di-verdesca\/\"]}]},{\"@type\":\"ImageObject\",\"inLanguage\":\"it-IT\",\"@id\":\"https:\/\/www.mardosuido.com\/it\/prodotto\/tranci-di-verdesca\/#primaryimage\",\"url\":\"https:\/\/www.mardosuido.com\/wp-content\/uploads\/2025\/10\/prionace-glauca.webp\",\"contentUrl\":\"https:\/\/www.mardosuido.com\/wp-content\/uploads\/2025\/10\/prionace-glauca.webp\",\"width\":800,\"height\":800,\"caption\":\"Caella\"},{\"@type\":\"BreadcrumbList\",\"@id\":\"https:\/\/www.mardosuido.com\/it\/prodotto\/tranci-di-verdesca\/#breadcrumb\",\"itemListElement\":[{\"@type\":\"ListItem\",\"position\":1,\"name\":\"Portada\",\"item\":\"https:\/\/www.mardosuido.com\/it\/\"},{\"@type\":\"ListItem\",\"position\":2,\"name\":\"Negozio\",\"item\":\"https:\/\/www.mardosuido.com\/it\/negozio\/\"},{\"@type\":\"ListItem\",\"position\":3,\"name\":\"TRANCI DI VERDESCA\"}]},{\"@type\":\"WebSite\",\"@id\":\"https:\/\/www.mardosuido.com\/it\/#website\",\"url\":\"https:\/\/www.mardosuido.com\/it\/\",\"name\":\"Mar do Su\u00eddo\",\"description\":\"Frutti di mare e pesce surgelati\",\"publisher\":{\"@id\":\"https:\/\/www.mardosuido.com\/it\/#organization\"},\"alternateName\":\"Mar do Su\u00eddo\",\"potentialAction\":[{\"@type\":\"SearchAction\",\"target\":{\"@type\":\"EntryPoint\",\"urlTemplate\":\"https:\/\/www.mardosuido.com\/it\/?s={search_term_string}\"},\"query-input\":{\"@type\":\"PropertyValueSpecification\",\"valueRequired\":true,\"valueName\":\"search_term_string\"}}],\"inLanguage\":\"it-IT\"},{\"@type\":\"Organization\",\"@id\":\"https:\/\/www.mardosuido.com\/it\/#organization\",\"name\":\"Mar do Su\u00eddo SLU\",\"alternateName\":\"Mar do Su\u00eddo SLU\",\"url\":\"https:\/\/www.mardosuido.com\/it\/\",\"logo\":{\"@type\":\"ImageObject\",\"inLanguage\":\"it-IT\",\"@id\":\"https:\/\/www.mardosuido.com\/it\/#\/schema\/logo\/image\/\",\"url\":\"https:\/\/www.mardosuido.com\/wp-content\/uploads\/2025\/08\/cropped-icono-mar-suido-naranja.png\",\"contentUrl\":\"https:\/\/www.mardosuido.com\/wp-content\/uploads\/2025\/08\/cropped-icono-mar-suido-naranja.png\",\"width\":512,\"height\":512,\"caption\":\"Mar do Su\u00eddo SLU\"},\"image\":{\"@id\":\"https:\/\/www.mardosuido.com\/it\/#\/schema\/logo\/image\/\"},\"sameAs\":[\"https:\/\/www.facebook.com\/MardosuidoFrozenFish\",\"https:\/\/x.com\/mardosuido\",\"https:\/\/www.instagram.com\/mardosuidofish\/\"]}]}<\/script>\n<!-- \/ Yoast SEO plugin. -->","yoast_head_json":{"title":"TRANCI DI VERDESCA Surgelato - Comprare | Mar do Su\u00eddo","description":"Acquista TRANCI DI VERDESCA surgelato di massima qualit\u00e0. SQUALI( QUELLA) | Mar do Su\u00eddo","robots":{"index":"index","follow":"follow","max-snippet":"max-snippet:-1","max-image-preview":"max-image-preview:large","max-video-preview":"max-video-preview:-1"},"canonical":"https:\/\/www.mardosuido.com\/it\/prodotto\/tranci-di-verdesca\/","og_locale":"it_IT","og_type":"article","og_title":"TRANCI DI VERDESCA Surgelato - Comprare | Mar do Su\u00eddo","og_description":"Acquista TRANCI DI VERDESCA surgelato di massima qualit\u00e0. SQUALI( QUELLA) | Mar do Su\u00eddo","og_url":"https:\/\/www.mardosuido.com\/it\/prodotto\/tranci-di-verdesca\/","og_site_name":"Mar do Su\u00eddo","article_publisher":"https:\/\/www.facebook.com\/MardosuidoFrozenFish","article_modified_time":"2026-02-03T13:15:23+00:00","og_image":[{"width":800,"height":800,"url":"https:\/\/www.mardosuido.com\/wp-content\/uploads\/2025\/10\/prionace-glauca.webp","type":"image\/webp"}],"twitter_card":"summary_large_image","twitter_site":"@mardosuido","twitter_misc":{"Tempo di lettura stimato":"1 minuto"},"schema":{"@context":"https:\/\/schema.org","@graph":[{"@type":"WebPage","@id":"https:\/\/www.mardosuido.com\/it\/prodotto\/tranci-di-verdesca\/","url":"https:\/\/www.mardosuido.com\/it\/prodotto\/tranci-di-verdesca\/","name":"TRANCI DI VERDESCA Surgelato - Comprare | Mar do Su\u00eddo","isPartOf":{"@id":"https:\/\/www.mardosuido.com\/it\/#website"},"primaryImageOfPage":{"@id":"https:\/\/www.mardosuido.com\/it\/prodotto\/tranci-di-verdesca\/#primaryimage"},"image":{"@id":"https:\/\/www.mardosuido.com\/it\/prodotto\/tranci-di-verdesca\/#primaryimage"},"thumbnailUrl":"https:\/\/www.mardosuido.com\/wp-content\/uploads\/2025\/10\/prionace-glauca.webp","datePublished":"2025-11-27T12:23:18+00:00","dateModified":"2026-02-03T13:15:23+00:00","description":"Acquista TRANCI DI VERDESCA surgelato di massima qualit\u00e0. SQUALI( QUELLA) | Mar do Su\u00eddo","breadcrumb":{"@id":"https:\/\/www.mardosuido.com\/it\/prodotto\/tranci-di-verdesca\/#breadcrumb"},"inLanguage":"it-IT","potentialAction":[{"@type":"ReadAction","target":["https:\/\/www.mardosuido.com\/it\/prodotto\/tranci-di-verdesca\/"]}]},{"@type":"ImageObject","inLanguage":"it-IT","@id":"https:\/\/www.mardosuido.com\/it\/prodotto\/tranci-di-verdesca\/#primaryimage","url":"https:\/\/www.mardosuido.com\/wp-content\/uploads\/2025\/10\/prionace-glauca.webp","contentUrl":"https:\/\/www.mardosuido.com\/wp-content\/uploads\/2025\/10\/prionace-glauca.webp","width":800,"height":800,"caption":"Caella"},{"@type":"BreadcrumbList","@id":"https:\/\/www.mardosuido.com\/it\/prodotto\/tranci-di-verdesca\/#breadcrumb","itemListElement":[{"@type":"ListItem","position":1,"name":"Portada","item":"https:\/\/www.mardosuido.com\/it\/"},{"@type":"ListItem","position":2,"name":"Negozio","item":"https:\/\/www.mardosuido.com\/it\/negozio\/"},{"@type":"ListItem","position":3,"name":"TRANCI DI VERDESCA"}]},{"@type":"WebSite","@id":"https:\/\/www.mardosuido.com\/it\/#website","url":"https:\/\/www.mardosuido.com\/it\/","name":"Mar do Su\u00eddo","description":"Frutti di mare e pesce surgelati","publisher":{"@id":"https:\/\/www.mardosuido.com\/it\/#organization"},"alternateName":"Mar do Su\u00eddo","potentialAction":[{"@type":"SearchAction","target":{"@type":"EntryPoint","urlTemplate":"https:\/\/www.mardosuido.com\/it\/?s={search_term_string}"},"query-input":{"@type":"PropertyValueSpecification","valueRequired":true,"valueName":"search_term_string"}}],"inLanguage":"it-IT"},{"@type":"Organization","@id":"https:\/\/www.mardosuido.com\/it\/#organization","name":"Mar do Su\u00eddo SLU","alternateName":"Mar do Su\u00eddo SLU","url":"https:\/\/www.mardosuido.com\/it\/","logo":{"@type":"ImageObject","inLanguage":"it-IT","@id":"https:\/\/www.mardosuido.com\/it\/#\/schema\/logo\/image\/","url":"https:\/\/www.mardosuido.com\/wp-content\/uploads\/2025\/08\/cropped-icono-mar-suido-naranja.png","contentUrl":"https:\/\/www.mardosuido.com\/wp-content\/uploads\/2025\/08\/cropped-icono-mar-suido-naranja.png","width":512,"height":512,"caption":"Mar do Su\u00eddo SLU"},"image":{"@id":"https:\/\/www.mardosuido.com\/it\/#\/schema\/logo\/image\/"},"sameAs":["https:\/\/www.facebook.com\/MardosuidoFrozenFish","https:\/\/x.com\/mardosuido","https:\/\/www.instagram.com\/mardosuidofish\/"]}]}},"_links":{"self":[{"href":"https:\/\/www.mardosuido.com\/it\/wp-json\/wp\/v2\/product\/16523","targetHints":{"allow":["GET"]}}],"collection":[{"href":"https:\/\/www.mardosuido.com\/it\/wp-json\/wp\/v2\/product"}],"about":[{"href":"https:\/\/www.mardosuido.com\/it\/wp-json\/wp\/v2\/types\/product"}],"replies":[{"embeddable":true,"href":"https:\/\/www.mardosuido.com\/it\/wp-json\/wp\/v2\/comments?post=16523"}],"version-history":[{"count":0,"href":"https:\/\/www.mardosuido.com\/it\/wp-json\/wp\/v2\/product\/16523\/revisions"}],"wp:featuredmedia":[{"embeddable":true,"href":"https:\/\/www.mardosuido.com\/it\/wp-json\/wp\/v2\/media\/11484"}],"wp:attachment":[{"href":"https:\/\/www.mardosuido.com\/it\/wp-json\/wp\/v2\/media?parent=16523"}],"wp:term":[{"taxonomy":"product_brand","embeddable":true,"href":"https:\/\/www.mardosuido.com\/it\/wp-json\/wp\/v2\/product_brand?post=16523"},{"taxonomy":"product_cat","embeddable":true,"href":"https:\/\/www.mardosuido.com\/it\/wp-json\/wp\/v2\/product_cat?post=16523"},{"taxonomy":"product_tag","embeddable":true,"href":"https:\/\/www.mardosuido.com\/it\/wp-json\/wp\/v2\/product_tag?post=16523"},{"taxonomy":"nombre_cientifico","embeddable":true,"href":"https:\/\/www.mardosuido.com\/it\/wp-json\/wp\/v2\/nombre_cientifico?post=16523"},{"taxonomy":"zona_de_captura","embeddable":true,"href":"https:\/\/www.mardosuido.com\/it\/wp-json\/wp\/v2\/zona_de_captura?post=16523"}],"curies":[{"name":"wp","href":"https:\/\/api.w.org\/{rel}","templated":true}]}}